{"id":98,"date":"2013-02-26T19:59:06","date_gmt":"2013-02-26T17:59:06","guid":{"rendered":"http:\/\/www.burscheidertg.de\/wordpress\/?page_id=98"},"modified":"2024-11-10T19:16:57","modified_gmt":"2024-11-10T18:16:57","slug":"schwimmen","status":"publish","type":"page","link":"https:\/\/www.burscheidertg.de\/?page_id=98","title":{"rendered":"Schwimmen"},"content":{"rendered":"<h1>Schwimmen<\/h1>\n<p><img loading=\"lazy\" decoding=\"async\" class=\"size-medium wp-image-3138\" src=\"https:\/\/www.burscheidertg.de\/wp-content\/uploads\/AdobeStock_282610703_Schwimmen-370x247.jpeg\" alt=\"\" width=\"370\" height=\"247\" srcset=\"https:\/\/www.burscheidertg.de\/wp-content\/uploads\/AdobeStock_282610703_Schwimmen-370x247.jpeg 370w, https:\/\/www.burscheidertg.de\/wp-content\/uploads\/AdobeStock_282610703_Schwimmen-740x493.jpeg 740w, https:\/\/www.burscheidertg.de\/wp-content\/uploads\/AdobeStock_282610703_Schwimmen-768x512.jpeg 768w, https:\/\/www.burscheidertg.de\/wp-content\/uploads\/AdobeStock_282610703_Schwimmen-1536x1024.jpeg 1536w, https:\/\/www.burscheidertg.de\/wp-content\/uploads\/AdobeStock_282610703_Schwimmen-2048x1365.jpeg 2048w\" sizes=\"auto, (max-width: 370px) 100vw, 370px\" \/><\/p>\n<table style=\"width: 97.3694%; height: 312px;\" width=\"576\">\n<tbody>\n<tr style=\"height: 24px;\">\n<td style=\"width: 157.493%; height: 24px;\" colspan=\"4\" width=\"576\"><strong>Aufgrund der L\u00e4nge der Wartelisten k\u00f6nnen wir leider keine neuen Interessenten aufnehmen, bevor wir diese nicht abgearbeitet haben!<\/strong><\/td>\n<\/tr>\n<tr style=\"height: 24px;\">\n<td style=\"width: 44.6367%; height: 24px;\"><strong>Montag<\/strong><\/td>\n<td style=\"width: 23.1855%; height: 24px;\"><\/td>\n<td style=\"width: 8.5408%; height: 24px;\"><\/td>\n<td style=\"width: 81.1297%; height: 24px;\"><\/td>\n<\/tr>\n<tr style=\"height: 24px;\">\n<td style=\"width: 44.6367%; height: 24px;\">Anf\u00e4ngergruppe<\/td>\n<td style=\"width: 23.1855%; height: 24px;\">16.30 &#8211; 17.30 Uhr<\/td>\n<td style=\"width: 8.5408%; height: 24px;\">LH<\/td>\n<td style=\"width: 81.1297%; height: 24px;\">U. Wichelhaus \/ J. Meierj\u00fcrgen<\/td>\n<\/tr>\n<tr style=\"height: 24px;\">\n<td style=\"width: 44.6367%; height: 24px;\">Schwimmabzeichen-Kurse<\/td>\n<td style=\"width: 23.1855%; height: 24px;\">17.30 &#8211; 18.30 Uhr<\/td>\n<td style=\"width: 8.5408%; height: 24px;\">LH<\/td>\n<td style=\"width: 81.1297%; height: 24px;\">U. Wichelhaus \/ J. Meierj\u00fcrgen<\/td>\n<\/tr>\n<tr style=\"height: 24px;\">\n<td style=\"width: 44.6367%; height: 24px;\">Dienstag<\/td>\n<td style=\"width: 23.1855%; height: 24px;\"><\/td>\n<td style=\"width: 8.5408%; height: 24px;\"><\/td>\n<td style=\"width: 81.1297%; height: 24px;\"><\/td>\n<\/tr>\n<tr style=\"height: 24px;\">\n<td style=\"width: 44.6367%; height: 24px;\">Schwimmkurs<\/td>\n<td style=\"width: 23.1855%; height: 24px;\">16.15 &#8211; 17.15 Uhr<\/td>\n<td style=\"width: 8.5408%; height: 24px;\">LH<\/td>\n<td style=\"width: 81.1297%; height: 24px;\">M. Br\u00fcnnig \/ A. Hein<\/td>\n<\/tr>\n<tr style=\"height: 24px;\">\n<td style=\"width: 44.6367%; height: 24px;\"><strong>Mittwoch<\/strong><\/td>\n<td style=\"width: 23.1855%; height: 24px;\"><\/td>\n<td style=\"width: 8.5408%; height: 24px;\"><\/td>\n<td style=\"width: 81.1297%; height: 24px;\"><\/td>\n<\/tr>\n<tr style=\"height: 24px;\">\n<td style=\"width: 44.6367%; height: 24px;\">Schwimmkurs<\/td>\n<td style=\"width: 23.1855%; height: 24px;\">16.15 &#8211; 17.15 Uhr<\/td>\n<td style=\"width: 8.5408%; height: 24px;\">LH<\/td>\n<td style=\"width: 81.1297%; height: 24px;\">M. Br\u00fcnnig \/ A. Hein<\/td>\n<\/tr>\n<tr style=\"height: 24px;\">\n<td style=\"width: 44.6367%; height: 24px;\">Leistungsgruppe<\/td>\n<td style=\"width: 23.1855%; height: 24px;\">18.15 &#8211; 19.15 Uhr<\/td>\n<td style=\"width: 8.5408%; height: 24px;\">LH<\/td>\n<td style=\"width: 81.1297%; height: 24px;\">B. Schneider<\/td>\n<\/tr>\n<tr style=\"height: 24px;\">\n<td style=\"width: 44.6367%; height: 24px;\">Freies Schwimmen<\/td>\n<td style=\"width: 23.1855%; height: 24px;\">19.15 &#8211; 20.00 Uhr<\/td>\n<td style=\"width: 8.5408%; height: 24px;\">LH<\/td>\n<td style=\"width: 81.1297%; height: 24px;\">B. Schneider<\/td>\n<\/tr>\n<tr style=\"height: 24px;\">\n<td style=\"width: 44.6367%; height: 24px;\">Aqua-Fitness (Gruppe I+II im Wechsel)<\/td>\n<td style=\"width: 23.1855%; height: 24px;\">20.00 &#8211; 20.45 Uhr<\/td>\n<td style=\"width: 8.5408%; height: 24px;\">LH<\/td>\n<td style=\"width: 81.1297%; height: 24px;\">M. Schwanke<\/td>\n<\/tr>\n<\/tbody>\n<\/table>\n<p>Die Spiel- und \u00dcbungsstunden der Schwimmabteilung der BTG finden in der Kleinschwimmhalle des Burscheider <a href=\"http:\/\/www.burscheidertg.de\/wp-content\/uploads\/Schwimmen.jpg\"><img loading=\"lazy\" decoding=\"async\" class=\"size-full wp-image-465 alignright\" style=\"margin: 5px;\" src=\"http:\/\/www.burscheidertg.de\/wp-content\/uploads\/Schwimmen.jpg\" alt=\"Schwimmen\" width=\"360\" height=\"270\" \/><\/a>Bades statt. Dort verf\u00fcgt die Abteilung \u00fcber ein Lehrschwimmbecken, in dem die Kleinsten die ersten Schritte in der Wassergew\u00f6hnung .<\/p>\n<p>In den\u00a0 Schwimmkursen lernen die Kleinen auf spielerische Weise das Schwimmen und schlie\u00dfen in der Regel den Kurs mit dem Seepferdchen- Abzeichen ab.<\/p>\n<p>Die etwas \u00e4lteren Kinder trainieren schon im gro\u00dfen Becken. Hier stehen erste Schwimmtechnik\u00fcbungen, Tauchen und Springen auf dem Programm. Die Schwerpunkte liegen in der Vorbereitung und Abnahme der Schwimmabzeichen, aber auch in gemeinsamen Staffel- und Gruppenspielen. Da das Becken keine Wettkampfausstattung bietet, liegt der Schwerpunkt der Konzeption in der Vermittlung von Spiel und Spa\u00df im Wasser und im Training der allgemeinen Kondition, bzw. der Verfeinerung aller Schwimmtechniken. Unser Trainerteam besteht zurzeit aus vier qualifizierten und erfahrenen \u00dcbungsleitern, die die Kinder der Schwimmabteilung betreuen.<\/p>\n<p>Abgerundet wird das Angebot der Schwimmabteilung durch die Aquafitness-Gruppe, die inzwischen aufgrund der gro\u00dfen Beliebtheit zum festen Bestandteil des Angebotes geworden ist. Hier k\u00f6nnen die Teilnehmer jede Woche auf gelenkschonende Weise ihre Kondition verbessern und ihre Muskulatur kr\u00e4ftigen und dabei noch Spa\u00df im Wasser und in der Gruppe haben.<\/p>\n","protected":false},"excerpt":{"rendered":"<p>Schwimmen Aufgrund der L\u00e4nge der Wartelisten k\u00f6nnen wir leider keine neuen Interessenten aufnehmen, bevor wir diese nicht abgearbeitet haben! Montag Anf\u00e4ngergruppe 16.30 &#8211; 17.30 Uhr LH U. Wichelhaus \/ J. Meierj\u00fcrgen Schwimmabzeichen-Kurse 17.30 &#8211; 18.30 Uhr LH U. Wichelhaus \/ J. Meierj\u00fcrgen Dienstag Schwimmkurs 16.15 &#8211; 17.15 Uhr LH M. Br\u00fcnnig \/ A. Hein Mittwoch&#8230;<\/p>\n","protected":false},"author":1,"featured_media":0,"parent":18,"menu_order":0,"comment_status":"closed","ping_status":"closed","template":"pagemitkatggorie.php","meta":{"_kad_post_transparent":"","_kad_post_title":"","_kad_post_layout":"","_kad_post_sidebar_id":"","_kad_post_content_style":"","_kad_post_vertical_padding":"","_kad_post_feature":"","_kad_post_feature_position":"","_kad_post_header":false,"_kad_post_footer":false,"_kad_post_classname":"","footnotes":""},"class_list":["post-98","page","type-page","status-publish","hentry"],"yoast_head":"<!-- This site is optimized with the Yoast SEO plugin v27.1.1 - https:\/\/yoast.com\/product\/yoast-seo-wordpress\/ -->\n<title>Schwimmen - Burscheider Turngemeinde 1867 e.V.<\/title>\n<meta name=\"robots\" content=\"index, follow, max-snippet:-1, max-image-preview:large, max-video-preview:-1\" \/>\n<link rel=\"canonical\" href=\"https:\/\/www.burscheidertg.de\/?page_id=98\" \/>\n<meta property=\"og:locale\" content=\"de_DE\" \/>\n<meta property=\"og:type\" content=\"article\" \/>\n<meta property=\"og:title\" content=\"Schwimmen - Burscheider Turngemeinde 1867 e.V.\" \/>\n<meta property=\"og:description\" content=\"Schwimmen Aufgrund der L\u00e4nge der Wartelisten k\u00f6nnen wir leider keine neuen Interessenten aufnehmen, bevor wir diese nicht abgearbeitet haben! Montag Anf\u00e4ngergruppe 16.30 &#8211; 17.30 Uhr LH U. Wichelhaus \/ J. Meierj\u00fcrgen Schwimmabzeichen-Kurse 17.30 &#8211; 18.30 Uhr LH U. Wichelhaus \/ J. Meierj\u00fcrgen Dienstag Schwimmkurs 16.15 &#8211; 17.15 Uhr LH M. Br\u00fcnnig \/ A. Hein Mittwoch...\" \/>\n<meta property=\"og:url\" content=\"https:\/\/www.burscheidertg.de\/?page_id=98\" \/>\n<meta property=\"og:site_name\" content=\"Burscheider Turngemeinde 1867 e.V.\" \/>\n<meta property=\"article:modified_time\" content=\"2024-11-10T18:16:57+00:00\" \/>\n<meta property=\"og:image\" content=\"https:\/\/www.burscheidertg.de\/wp-content\/uploads\/AdobeStock_282610703_Schwimmen-scaled.jpeg\" \/>\n\t<meta property=\"og:image:width\" content=\"2560\" \/>\n\t<meta property=\"og:image:height\" content=\"1706\" \/>\n\t<meta property=\"og:image:type\" content=\"image\/jpeg\" \/>\n<meta name=\"twitter:card\" content=\"summary_large_image\" \/>\n<meta name=\"twitter:label1\" content=\"Gesch\u00e4tzte Lesezeit\" \/>\n\t<meta name=\"twitter:data1\" content=\"1\u00a0Minute\" \/>\n<script type=\"application\/ld+json\" class=\"yoast-schema-graph\">{\"@context\":\"https:\/\/schema.org\",\"@graph\":[{\"@type\":\"WebPage\",\"@id\":\"https:\/\/www.burscheidertg.de\/?page_id=98\",\"url\":\"https:\/\/www.burscheidertg.de\/?page_id=98\",\"name\":\"Schwimmen - Burscheider Turngemeinde 1867 e.V.\",\"isPartOf\":{\"@id\":\"https:\/\/www.burscheidertg.de\/#website\"},\"primaryImageOfPage\":{\"@id\":\"https:\/\/www.burscheidertg.de\/?page_id=98#primaryimage\"},\"image\":{\"@id\":\"https:\/\/www.burscheidertg.de\/?page_id=98#primaryimage\"},\"thumbnailUrl\":\"https:\/\/www.burscheidertg.de\/wp-content\/uploads\/AdobeStock_282610703_Schwimmen-370x247.jpeg\",\"datePublished\":\"2013-02-26T17:59:06+00:00\",\"dateModified\":\"2024-11-10T18:16:57+00:00\",\"breadcrumb\":{\"@id\":\"https:\/\/www.burscheidertg.de\/?page_id=98#breadcrumb\"},\"inLanguage\":\"de\",\"potentialAction\":[{\"@type\":\"ReadAction\",\"target\":[\"https:\/\/www.burscheidertg.de\/?page_id=98\"]}]},{\"@type\":\"ImageObject\",\"inLanguage\":\"de\",\"@id\":\"https:\/\/www.burscheidertg.de\/?page_id=98#primaryimage\",\"url\":\"https:\/\/www.burscheidertg.de\/wp-content\/uploads\/AdobeStock_282610703_Schwimmen-scaled.jpeg\",\"contentUrl\":\"https:\/\/www.burscheidertg.de\/wp-content\/uploads\/AdobeStock_282610703_Schwimmen-scaled.jpeg\",\"width\":2560,\"height\":1706,\"caption\":\"Female Coach In Water Giving Group Of Children Swimming Lesson In Indoor Pool\"},{\"@type\":\"BreadcrumbList\",\"@id\":\"https:\/\/www.burscheidertg.de\/?page_id=98#breadcrumb\",\"itemListElement\":[{\"@type\":\"ListItem\",\"position\":1,\"name\":\"Home\",\"item\":\"https:\/\/www.burscheidertg.de\/\"},{\"@type\":\"ListItem\",\"position\":2,\"name\":\"BTG Sportangebot\",\"item\":\"https:\/\/www.burscheidertg.de\/?page_id=18\"},{\"@type\":\"ListItem\",\"position\":3,\"name\":\"Schwimmen\"}]},{\"@type\":\"WebSite\",\"@id\":\"https:\/\/www.burscheidertg.de\/#website\",\"url\":\"https:\/\/www.burscheidertg.de\/\",\"name\":\"Burscheider Turngemeinde 1867 e.V.\",\"description\":\"Gemeinsam Sport erleben\",\"publisher\":{\"@id\":\"https:\/\/www.burscheidertg.de\/#organization\"},\"potentialAction\":[{\"@type\":\"SearchAction\",\"target\":{\"@type\":\"EntryPoint\",\"urlTemplate\":\"https:\/\/www.burscheidertg.de\/?s={search_term_string}\"},\"query-input\":{\"@type\":\"PropertyValueSpecification\",\"valueRequired\":true,\"valueName\":\"search_term_string\"}}],\"inLanguage\":\"de\"},{\"@type\":\"Organization\",\"@id\":\"https:\/\/www.burscheidertg.de\/#organization\",\"name\":\"Burscheider Turngemeinde 1867 e.V.\",\"url\":\"https:\/\/www.burscheidertg.de\/\",\"logo\":{\"@type\":\"ImageObject\",\"inLanguage\":\"de\",\"@id\":\"https:\/\/www.burscheidertg.de\/#\/schema\/logo\/image\/\",\"url\":\"https:\/\/www.burscheidertg.de\/wp-content\/uploads\/cropped-cropped-cropped-logo-btg.jpg\",\"contentUrl\":\"https:\/\/www.burscheidertg.de\/wp-content\/uploads\/cropped-cropped-cropped-logo-btg.jpg\",\"width\":290,\"height\":167,\"caption\":\"Burscheider Turngemeinde 1867 e.V.\"},\"image\":{\"@id\":\"https:\/\/www.burscheidertg.de\/#\/schema\/logo\/image\/\"}}]}<\/script>\n<!-- \/ Yoast SEO plugin. -->","yoast_head_json":{"title":"Schwimmen - Burscheider Turngemeinde 1867 e.V.","robots":{"index":"index","follow":"follow","max-snippet":"max-snippet:-1","max-image-preview":"max-image-preview:large","max-video-preview":"max-video-preview:-1"},"canonical":"https:\/\/www.burscheidertg.de\/?page_id=98","og_locale":"de_DE","og_type":"article","og_title":"Schwimmen - Burscheider Turngemeinde 1867 e.V.","og_description":"Schwimmen Aufgrund der L\u00e4nge der Wartelisten k\u00f6nnen wir leider keine neuen Interessenten aufnehmen, bevor wir diese nicht abgearbeitet haben! Montag Anf\u00e4ngergruppe 16.30 &#8211; 17.30 Uhr LH U. Wichelhaus \/ J. Meierj\u00fcrgen Schwimmabzeichen-Kurse 17.30 &#8211; 18.30 Uhr LH U. Wichelhaus \/ J. Meierj\u00fcrgen Dienstag Schwimmkurs 16.15 &#8211; 17.15 Uhr LH M. Br\u00fcnnig \/ A. Hein Mittwoch...","og_url":"https:\/\/www.burscheidertg.de\/?page_id=98","og_site_name":"Burscheider Turngemeinde 1867 e.V.","article_modified_time":"2024-11-10T18:16:57+00:00","og_image":[{"width":2560,"height":1706,"url":"https:\/\/www.burscheidertg.de\/wp-content\/uploads\/AdobeStock_282610703_Schwimmen-scaled.jpeg","type":"image\/jpeg"}],"twitter_card":"summary_large_image","twitter_misc":{"Gesch\u00e4tzte Lesezeit":"1\u00a0Minute"},"schema":{"@context":"https:\/\/schema.org","@graph":[{"@type":"WebPage","@id":"https:\/\/www.burscheidertg.de\/?page_id=98","url":"https:\/\/www.burscheidertg.de\/?page_id=98","name":"Schwimmen - Burscheider Turngemeinde 1867 e.V.","isPartOf":{"@id":"https:\/\/www.burscheidertg.de\/#website"},"primaryImageOfPage":{"@id":"https:\/\/www.burscheidertg.de\/?page_id=98#primaryimage"},"image":{"@id":"https:\/\/www.burscheidertg.de\/?page_id=98#primaryimage"},"thumbnailUrl":"https:\/\/www.burscheidertg.de\/wp-content\/uploads\/AdobeStock_282610703_Schwimmen-370x247.jpeg","datePublished":"2013-02-26T17:59:06+00:00","dateModified":"2024-11-10T18:16:57+00:00","breadcrumb":{"@id":"https:\/\/www.burscheidertg.de\/?page_id=98#breadcrumb"},"inLanguage":"de","potentialAction":[{"@type":"ReadAction","target":["https:\/\/www.burscheidertg.de\/?page_id=98"]}]},{"@type":"ImageObject","inLanguage":"de","@id":"https:\/\/www.burscheidertg.de\/?page_id=98#primaryimage","url":"https:\/\/www.burscheidertg.de\/wp-content\/uploads\/AdobeStock_282610703_Schwimmen-scaled.jpeg","contentUrl":"https:\/\/www.burscheidertg.de\/wp-content\/uploads\/AdobeStock_282610703_Schwimmen-scaled.jpeg","width":2560,"height":1706,"caption":"Female Coach In Water Giving Group Of Children Swimming Lesson In Indoor Pool"},{"@type":"BreadcrumbList","@id":"https:\/\/www.burscheidertg.de\/?page_id=98#breadcrumb","itemListElement":[{"@type":"ListItem","position":1,"name":"Home","item":"https:\/\/www.burscheidertg.de\/"},{"@type":"ListItem","position":2,"name":"BTG Sportangebot","item":"https:\/\/www.burscheidertg.de\/?page_id=18"},{"@type":"ListItem","position":3,"name":"Schwimmen"}]},{"@type":"WebSite","@id":"https:\/\/www.burscheidertg.de\/#website","url":"https:\/\/www.burscheidertg.de\/","name":"Burscheider Turngemeinde 1867 e.V.","description":"Gemeinsam Sport erleben","publisher":{"@id":"https:\/\/www.burscheidertg.de\/#organization"},"potentialAction":[{"@type":"SearchAction","target":{"@type":"EntryPoint","urlTemplate":"https:\/\/www.burscheidertg.de\/?s={search_term_string}"},"query-input":{"@type":"PropertyValueSpecification","valueRequired":true,"valueName":"search_term_string"}}],"inLanguage":"de"},{"@type":"Organization","@id":"https:\/\/www.burscheidertg.de\/#organization","name":"Burscheider Turngemeinde 1867 e.V.","url":"https:\/\/www.burscheidertg.de\/","logo":{"@type":"ImageObject","inLanguage":"de","@id":"https:\/\/www.burscheidertg.de\/#\/schema\/logo\/image\/","url":"https:\/\/www.burscheidertg.de\/wp-content\/uploads\/cropped-cropped-cropped-logo-btg.jpg","contentUrl":"https:\/\/www.burscheidertg.de\/wp-content\/uploads\/cropped-cropped-cropped-logo-btg.jpg","width":290,"height":167,"caption":"Burscheider Turngemeinde 1867 e.V."},"image":{"@id":"https:\/\/www.burscheidertg.de\/#\/schema\/logo\/image\/"}}]}},"_links":{"self":[{"href":"https:\/\/www.burscheidertg.de\/index.php?rest_route=\/wp\/v2\/pages\/98","targetHints":{"allow":["GET"]}}],"collection":[{"href":"https:\/\/www.burscheidertg.de\/index.php?rest_route=\/wp\/v2\/pages"}],"about":[{"href":"https:\/\/www.burscheidertg.de\/index.php?rest_route=\/wp\/v2\/types\/page"}],"author":[{"embeddable":true,"href":"https:\/\/www.burscheidertg.de\/index.php?rest_route=\/wp\/v2\/users\/1"}],"replies":[{"embeddable":true,"href":"https:\/\/www.burscheidertg.de\/index.php?rest_route=%2Fwp%2Fv2%2Fcomments&post=98"}],"version-history":[{"count":0,"href":"https:\/\/www.burscheidertg.de\/index.php?rest_route=\/wp\/v2\/pages\/98\/revisions"}],"up":[{"embeddable":true,"href":"https:\/\/www.burscheidertg.de\/index.php?rest_route=\/wp\/v2\/pages\/18"}],"wp:attachment":[{"href":"https:\/\/www.burscheidertg.de\/index.php?rest_route=%2Fwp%2Fv2%2Fmedia&parent=98"}],"curies":[{"name":"wp","href":"https:\/\/api.w.org\/{rel}","templated":true}]}}