{"id":9569,"date":"2026-03-28T17:58:12","date_gmt":"2026-03-28T16:58:12","guid":{"rendered":"https:\/\/www.burscheidertg.de\/?page_id=9569"},"modified":"2026-04-21T09:46:40","modified_gmt":"2026-04-21T07:46:40","slug":"btg-newsletter","status":"publish","type":"page","link":"https:\/\/www.burscheidertg.de\/?page_id=9569","title":{"rendered":"Anmeldung zum BTG-Newsletter"},"content":{"rendered":"<section class=\"btg-newsletter-page\">\r\n<h2>Nichts mehr verpassen bei der BTG<\/h2>\r\nMit unserem Newsletter bekommst du regelm\u00e4\u00dfig Neuigkeiten aus dem Vereinsleben, Infos zu Veranstaltungen, Sportangeboten und wichtige Termine direkt per E-Mail. Kurz, aktuell und direkt in deinem Postfach. Nat\u00fcrlich kostenlos und jederzeit wieder abbestellbar.\r\n<h2>Das erwartet dich<\/h2>\r\n<ul>\r\n<li>Neuigkeiten aus der BTG<\/li>\r\n<li>Infos zu Veranstaltungen und Aktionen<\/li>\r\n<li>Beitr\u00e4ge aus den Abteilungen<\/li>\r\n<li>Wichtige Termine und Hinweise<\/li>\r\n<li>Alles, was im Vereinsleben gerade wichtig ist<\/li>\r\n<\/ul>\r\n<h2>Jetzt anmelden<\/h2>\r\n<\/section>\r\n<section class=\"btg-newsletter-anmelden\"><style data=\"cr\/theme\">.bgcolor-1{background-color:#F1F5F7}.bgcolor-1-outlook{background-color:#F1F5F7}.color-1{color:#082137}.bgcolor-2{background-color:#FFF}.bgcolor-2-outlook{background-color:#FFF}.color-2{color:#082137}.aux-color-1{color:#00282E}.aux-bgcolor-1{background-color:#00282E}.aux-color-2{color:#15C}.aux-bgcolor-2{background-color:#15C}body{background-color:#F1F5F7}a{color:#15C}.cr-web-row{width:100%;max-width:600px}.cr-maxwidth{max-width:600px}<\/style> <style hash=\"cr-text-web\">.cr-text{font-family:Helvetica,Arial,sans-serif;font-size:14px}<\/style> <style hash=\"cr-web-css\">.cr-nope{display:none!important}.cr-web-row{box-sizing:border-box}@media only screen and (max-width:768px){.cr-web-row{width:75vw}}.cr-web-wrapper{display:flex;justify-content:center}.cr-web-row ul,.cr-web-row li{gap:4px;flex-direction:row}.cr-web-row ul{padding:0 8px;margin:0;list-style-type:none;flex-direction:column}.cr-web-row option{min-height:2em;white-space:normal}.cr-web-form{display:flex;flex-direction:column}.cr-web-form input,.cr-web-form select,.cr-web-form button{padding:8px 12px;border-radius:4px;border-style:solid;border-width:1px}.cr-web-form label,.cr-web-label{font-weight:500;padding:8px 0 8px 0;font-style:normal;line-height:normal}.cr-web-form button{font-size:1em;font-weight:700;color:#fff;font-style:normal;border-style:solid;border-color:#fff0;border-radius:4px;cursor:pointer}.cr-web-form label.required:after{content:' *';width:10px;height:100%;font-size:1.1em;line-height:inherit}.cr-web-label.required:after{content:' *'}.cr-web-form label.required .cred-html-wrapper,.cr-web-form label.required .cred-html{display:inline-block!important}<\/style> <style data-source=\"autogenerated google-fixes\">u+#body a{color:#15C}u+#body{background-color:#F1F5F7}<\/style><form class=\"\" action=\"https:\/\/flow.cleverreach.com\/fl\/b8c8f316-82b8-4e26-bf82-60467ea5ccaa\/confirm\" method=\"post\" target=\"_blank\"><input class=\"cr-nope\" style=\"display: none !important;\" tabindex=\"-1\" autocomplete=\"false\" name=\"email_confirm\" type=\"text\" \/>\r\n<div class=\"cr-web-wrapper bgcolor-1\">\r\n<div class=\"cr-web-row bgcolor-2\" style=\"padding: 10px 20px;\">\r\n<div class=\"cr-text color-2\">\r\n<div align=\"left\"><strong class=\"false\"><strong class=\"false\">Immer gut informiert<\/strong><\/strong> Neuigkeiten, Termine und Vereinsinfos der BTG direkt per E-Mail.<\/div>\r\n<\/div>\r\n<\/div>\r\n<\/div>\r\n<div class=\"cr-web-wrapper bgcolor-1\">\r\n<div class=\"cr-web-row bgcolor-2\" style=\"padding: 10px 20px;\">\r\n<div class=\"cr-text color-2\">\r\n<div class=\"cr-web-form\"><label class=\"required\">E-Mail<\/label> <input name=\"email\" required=\"\" type=\"email\" placeholder=\"\" \/><\/div>\r\n<\/div>\r\n<\/div>\r\n<\/div>\r\n<div class=\"cr-web-wrapper bgcolor-1\">\r\n<div class=\"cr-web-row bgcolor-2\" style=\"padding: 10px 20px;\">\r\n<div class=\"cr-web-form\"><span style=\"color: #ffffff;\"><button class=\"aux-color-1 aux-bgcolor-1 cr-text\" style=\"background-color: #084706;\" type=\"submit\">Zum Newsletter anmelden<\/button><\/span><\/div>\r\n<\/div>\r\n<\/div>\r\n<\/form><\/section>\r\n<section class=\"btg-newsletter-page\">\r\n<h2>Datenschutz<\/h2>\r\nDie Anmeldung erfolgt im <strong>Double-Opt-in-Verfahren<\/strong>. Das bedeutet: Nach deiner Anmeldung erh\u00e4ltst du eine E-Mail, in der du deine Anmeldung noch einmal best\u00e4tigst. Deine Daten verwenden wir ausschlie\u00dflich f\u00fcr den Versand des BTG-Newsletters und geben sie nicht an Dritte weiter. Mehr dazu findest du in unserer <a href=\"\/datenschutz\/\">Datenschutzerkl\u00e4rung<\/a>.\r\n<h2>Abmeldung<\/h2>\r\nDu kannst dich jederzeit \u00fcber den Abmeldelink im Newsletter wieder abmelden.<\/section>\r\n<pre class=\"wp-block-code\"><code><\/code><\/pre>\r\n<!-- \/wp:post-content -->\r\n\r\n<!-- wp:paragraph \/-->\r\n<h2>Newsletter-Archiv<\/h2>\r\n<p>Alle bereits versendet Newsletter werden hier chronolgisch aufgelistet. Bitte jeweilige Ausgabe anklicken.<\/p>\r\n<p><a href=\"https:\/\/439892.seu2.cleverreach.com\/m\/16954732\/\" target=\"_blank\" rel=\"noopener\">Ausgabe 09.04.2026<\/a><\/p>","protected":false},"excerpt":{"rendered":"<p>Nichts mehr verpassen bei der BTG Mit unserem Newsletter bekommst du regelm\u00e4\u00dfig Neuigkeiten aus dem Vereinsleben, Infos zu Veranstaltungen, Sportangeboten und wichtige Termine direkt per E-Mail. Kurz, aktuell und direkt in deinem Postfach. Nat\u00fcrlich kostenlos und jederzeit wieder abbestellbar. Das erwartet dich Neuigkeiten aus der BTG Infos zu Veranstaltungen und Aktionen Beitr\u00e4ge aus den Abteilungen&#8230;<\/p>\n","protected":false},"author":9,"featured_media":0,"parent":0,"menu_order":0,"comment_status":"closed","ping_status":"closed","template":"","meta":{"_kad_post_transparent":"default","_kad_post_title":"default","_kad_post_layout":"default","_kad_post_sidebar_id":"","_kad_post_content_style":"default","_kad_post_vertical_padding":"default","_kad_post_feature":"","_kad_post_feature_position":"","_kad_post_header":false,"_kad_post_footer":false,"_kad_post_classname":"","footnotes":""},"class_list":["post-9569","page","type-page","status-publish","hentry"],"yoast_head":"<!-- This site is optimized with the Yoast SEO plugin v27.1.1 - https:\/\/yoast.com\/product\/yoast-seo-wordpress\/ -->\n<title>Anmeldung zum BTG-Newsletter - Burscheider Turngemeinde 1867 e.V.<\/title>\n<meta name=\"robots\" content=\"index, follow, max-snippet:-1, max-image-preview:large, max-video-preview:-1\" \/>\n<link rel=\"canonical\" href=\"https:\/\/www.burscheidertg.de\/?page_id=9569\" \/>\n<meta property=\"og:locale\" content=\"de_DE\" \/>\n<meta property=\"og:type\" content=\"article\" \/>\n<meta property=\"og:title\" content=\"Anmeldung zum BTG-Newsletter - Burscheider Turngemeinde 1867 e.V.\" \/>\n<meta property=\"og:description\" content=\"Nichts mehr verpassen bei der BTG Mit unserem Newsletter bekommst du regelm\u00e4\u00dfig Neuigkeiten aus dem Vereinsleben, Infos zu Veranstaltungen, Sportangeboten und wichtige Termine direkt per E-Mail. Kurz, aktuell und direkt in deinem Postfach. Nat\u00fcrlich kostenlos und jederzeit wieder abbestellbar. Das erwartet dich Neuigkeiten aus der BTG Infos zu Veranstaltungen und Aktionen Beitr\u00e4ge aus den Abteilungen...\" \/>\n<meta property=\"og:url\" content=\"https:\/\/www.burscheidertg.de\/?page_id=9569\" \/>\n<meta property=\"og:site_name\" content=\"Burscheider Turngemeinde 1867 e.V.\" \/>\n<meta property=\"article:modified_time\" content=\"2026-04-21T07:46:40+00:00\" \/>\n<meta name=\"twitter:card\" content=\"summary_large_image\" \/>\n<meta name=\"twitter:label1\" content=\"Gesch\u00e4tzte Lesezeit\" \/>\n\t<meta name=\"twitter:data1\" content=\"1\u00a0Minute\" \/>\n<script type=\"application\/ld+json\" class=\"yoast-schema-graph\">{\"@context\":\"https:\/\/schema.org\",\"@graph\":[{\"@type\":\"WebPage\",\"@id\":\"https:\/\/www.burscheidertg.de\/?page_id=9569\",\"url\":\"https:\/\/www.burscheidertg.de\/?page_id=9569\",\"name\":\"Anmeldung zum BTG-Newsletter - Burscheider Turngemeinde 1867 e.V.\",\"isPartOf\":{\"@id\":\"https:\/\/www.burscheidertg.de\/#website\"},\"datePublished\":\"2026-03-28T16:58:12+00:00\",\"dateModified\":\"2026-04-21T07:46:40+00:00\",\"breadcrumb\":{\"@id\":\"https:\/\/www.burscheidertg.de\/?page_id=9569#breadcrumb\"},\"inLanguage\":\"de\",\"potentialAction\":[{\"@type\":\"ReadAction\",\"target\":[\"https:\/\/www.burscheidertg.de\/?page_id=9569\"]}]},{\"@type\":\"BreadcrumbList\",\"@id\":\"https:\/\/www.burscheidertg.de\/?page_id=9569#breadcrumb\",\"itemListElement\":[{\"@type\":\"ListItem\",\"position\":1,\"name\":\"Home\",\"item\":\"https:\/\/www.burscheidertg.de\/\"},{\"@type\":\"ListItem\",\"position\":2,\"name\":\"Anmeldung zum BTG-Newsletter\"}]},{\"@type\":\"WebSite\",\"@id\":\"https:\/\/www.burscheidertg.de\/#website\",\"url\":\"https:\/\/www.burscheidertg.de\/\",\"name\":\"Burscheider Turngemeinde 1867 e.V.\",\"description\":\"Gemeinsam Sport erleben\",\"publisher\":{\"@id\":\"https:\/\/www.burscheidertg.de\/#organization\"},\"potentialAction\":[{\"@type\":\"SearchAction\",\"target\":{\"@type\":\"EntryPoint\",\"urlTemplate\":\"https:\/\/www.burscheidertg.de\/?s={search_term_string}\"},\"query-input\":{\"@type\":\"PropertyValueSpecification\",\"valueRequired\":true,\"valueName\":\"search_term_string\"}}],\"inLanguage\":\"de\"},{\"@type\":\"Organization\",\"@id\":\"https:\/\/www.burscheidertg.de\/#organization\",\"name\":\"Burscheider Turngemeinde 1867 e.V.\",\"url\":\"https:\/\/www.burscheidertg.de\/\",\"logo\":{\"@type\":\"ImageObject\",\"inLanguage\":\"de\",\"@id\":\"https:\/\/www.burscheidertg.de\/#\/schema\/logo\/image\/\",\"url\":\"https:\/\/www.burscheidertg.de\/wp-content\/uploads\/cropped-cropped-cropped-logo-btg.jpg\",\"contentUrl\":\"https:\/\/www.burscheidertg.de\/wp-content\/uploads\/cropped-cropped-cropped-logo-btg.jpg\",\"width\":290,\"height\":167,\"caption\":\"Burscheider Turngemeinde 1867 e.V.\"},\"image\":{\"@id\":\"https:\/\/www.burscheidertg.de\/#\/schema\/logo\/image\/\"}}]}<\/script>\n<!-- \/ Yoast SEO plugin. -->","yoast_head_json":{"title":"Anmeldung zum BTG-Newsletter - Burscheider Turngemeinde 1867 e.V.","robots":{"index":"index","follow":"follow","max-snippet":"max-snippet:-1","max-image-preview":"max-image-preview:large","max-video-preview":"max-video-preview:-1"},"canonical":"https:\/\/www.burscheidertg.de\/?page_id=9569","og_locale":"de_DE","og_type":"article","og_title":"Anmeldung zum BTG-Newsletter - Burscheider Turngemeinde 1867 e.V.","og_description":"Nichts mehr verpassen bei der BTG Mit unserem Newsletter bekommst du regelm\u00e4\u00dfig Neuigkeiten aus dem Vereinsleben, Infos zu Veranstaltungen, Sportangeboten und wichtige Termine direkt per E-Mail. Kurz, aktuell und direkt in deinem Postfach. Nat\u00fcrlich kostenlos und jederzeit wieder abbestellbar. Das erwartet dich Neuigkeiten aus der BTG Infos zu Veranstaltungen und Aktionen Beitr\u00e4ge aus den Abteilungen...","og_url":"https:\/\/www.burscheidertg.de\/?page_id=9569","og_site_name":"Burscheider Turngemeinde 1867 e.V.","article_modified_time":"2026-04-21T07:46:40+00:00","twitter_card":"summary_large_image","twitter_misc":{"Gesch\u00e4tzte Lesezeit":"1\u00a0Minute"},"schema":{"@context":"https:\/\/schema.org","@graph":[{"@type":"WebPage","@id":"https:\/\/www.burscheidertg.de\/?page_id=9569","url":"https:\/\/www.burscheidertg.de\/?page_id=9569","name":"Anmeldung zum BTG-Newsletter - Burscheider Turngemeinde 1867 e.V.","isPartOf":{"@id":"https:\/\/www.burscheidertg.de\/#website"},"datePublished":"2026-03-28T16:58:12+00:00","dateModified":"2026-04-21T07:46:40+00:00","breadcrumb":{"@id":"https:\/\/www.burscheidertg.de\/?page_id=9569#breadcrumb"},"inLanguage":"de","potentialAction":[{"@type":"ReadAction","target":["https:\/\/www.burscheidertg.de\/?page_id=9569"]}]},{"@type":"BreadcrumbList","@id":"https:\/\/www.burscheidertg.de\/?page_id=9569#breadcrumb","itemListElement":[{"@type":"ListItem","position":1,"name":"Home","item":"https:\/\/www.burscheidertg.de\/"},{"@type":"ListItem","position":2,"name":"Anmeldung zum BTG-Newsletter"}]},{"@type":"WebSite","@id":"https:\/\/www.burscheidertg.de\/#website","url":"https:\/\/www.burscheidertg.de\/","name":"Burscheider Turngemeinde 1867 e.V.","description":"Gemeinsam Sport erleben","publisher":{"@id":"https:\/\/www.burscheidertg.de\/#organization"},"potentialAction":[{"@type":"SearchAction","target":{"@type":"EntryPoint","urlTemplate":"https:\/\/www.burscheidertg.de\/?s={search_term_string}"},"query-input":{"@type":"PropertyValueSpecification","valueRequired":true,"valueName":"search_term_string"}}],"inLanguage":"de"},{"@type":"Organization","@id":"https:\/\/www.burscheidertg.de\/#organization","name":"Burscheider Turngemeinde 1867 e.V.","url":"https:\/\/www.burscheidertg.de\/","logo":{"@type":"ImageObject","inLanguage":"de","@id":"https:\/\/www.burscheidertg.de\/#\/schema\/logo\/image\/","url":"https:\/\/www.burscheidertg.de\/wp-content\/uploads\/cropped-cropped-cropped-logo-btg.jpg","contentUrl":"https:\/\/www.burscheidertg.de\/wp-content\/uploads\/cropped-cropped-cropped-logo-btg.jpg","width":290,"height":167,"caption":"Burscheider Turngemeinde 1867 e.V."},"image":{"@id":"https:\/\/www.burscheidertg.de\/#\/schema\/logo\/image\/"}}]}},"_links":{"self":[{"href":"https:\/\/www.burscheidertg.de\/index.php?rest_route=\/wp\/v2\/pages\/9569","targetHints":{"allow":["GET"]}}],"collection":[{"href":"https:\/\/www.burscheidertg.de\/index.php?rest_route=\/wp\/v2\/pages"}],"about":[{"href":"https:\/\/www.burscheidertg.de\/index.php?rest_route=\/wp\/v2\/types\/page"}],"author":[{"embeddable":true,"href":"https:\/\/www.burscheidertg.de\/index.php?rest_route=\/wp\/v2\/users\/9"}],"replies":[{"embeddable":true,"href":"https:\/\/www.burscheidertg.de\/index.php?rest_route=%2Fwp%2Fv2%2Fcomments&post=9569"}],"version-history":[{"count":16,"href":"https:\/\/www.burscheidertg.de\/index.php?rest_route=\/wp\/v2\/pages\/9569\/revisions"}],"predecessor-version":[{"id":9609,"href":"https:\/\/www.burscheidertg.de\/index.php?rest_route=\/wp\/v2\/pages\/9569\/revisions\/9609"}],"wp:attachment":[{"href":"https:\/\/www.burscheidertg.de\/index.php?rest_route=%2Fwp%2Fv2%2Fmedia&parent=9569"}],"curies":[{"name":"wp","href":"https:\/\/api.w.org\/{rel}","templated":true}]}}