{"id":95,"date":"2013-02-26T19:56:00","date_gmt":"2013-02-26T17:56:00","guid":{"rendered":"http:\/\/www.burscheidertg.de\/wordpress\/?page_id=95"},"modified":"2024-09-11T20:05:15","modified_gmt":"2024-09-11T18:05:15","slug":"beitragsordnung","status":"publish","type":"page","link":"https:\/\/www.burscheidertg.de\/?page_id=95","title":{"rendered":"Beitragsordnung"},"content":{"rendered":"<h2>Beitragsordnung der Burscheider Turngemeinde 1867 e.V.<\/h2>\n<p><a href=\"https:\/\/www.burscheidertg.de\/wp-content\/uploads\/BTG-Aufnahmeantrag-neu.pdf\">BTG-Aufnahmeantrag-neu<\/a>\u00a0als Download<\/p>\n<div>\n<div>\n<p><strong>\u00a7 1 Beitragspflicht<\/strong><\/p>\n<ol>\n<li>Jedes Vereinsmitglied hat nach \u00a7 4 der Vereinssatzung einen Mitgliedsbeitrag zu zahlen. Ehrenmitglieder sind beitragsfrei.<\/li>\n<\/ol>\n<p><strong>\u00a7 2 H\u00f6he des Beitrags<\/strong><\/p>\n<ol>\n<li>\n<div align=\"left\">\n<p>Der monatliche Mitgliedsbeitrag betr\u00e4gt in den Beitragsklassen:<\/p>\n<p>01 Kinder und Jugendliche bis einschl. 18 Jahre, Sch\u00fcler, Studenten, Auszubildende, Wehr- und Ersatzdienstleistende: 9,50 \u20ac<\/p>\n<p>02 Erwachsene ab 19 Jahre: 14,00 \u20ac<\/p>\n<p>05 F\u00f6rdernde Mitglieder: 5,00 \u20ac<\/p>\n<p>06 Arbeitslose, Sozialhilfeempf\u00e4nger sowie deren Kinder: beitragsfrei<\/p>\n<p>08 Mutter-\/Vater-Kind-Turnen: 13,00 \u20ac<\/p>\n<p>10 Familienbeitrag inkl. Kinder bis einschl. 18 Jahre, sowie Sch\u00fcler: 26,00 \u20ac<\/p>\n<\/div>\n<\/li>\n<li>\n<div align=\"left\">Gr\u00fcnde f\u00fcr eine Beitragserm\u00e4\u00dfigung f\u00fcr die Beitragsklassen 01 und 06 sind der Gesch\u00e4ftsstelle nachzuweisen. Die Erm\u00e4\u00dfigung gilt ab dem n\u00e4chsten F\u00e4lligkeitstermin des Beitrages.<\/div>\n<\/li>\n<li>\n<div align=\"left\">Die Beitragsklasse 08 ist zurzeit f\u00fcr die Angebote \u201eMutter\/Vater-und-Kind-Turnen\u201c und die \u201eSchnullergruppe\u201c g\u00fcltig, so lange der Erwachsene an keinem anderen Sportangebot teilnimmt.<\/div>\n<\/li>\n<li>Der Beitrag in Beitragsklasse 08 beschr\u00e4nkt sich auf 1 Erwachsenen und 1 Kind. Bei jedem weiteren Kind wird die Beitragsklasse 01 hinzugerechnet.<\/li>\n<\/ol>\n<p><strong>\u00a7 3 Abteilungsbeitr\u00e4ge<\/strong><\/p>\n<ol>\n<li>Ab dem 01.01.2011 wird f\u00fcr die Mitglieder der Judoabt. ein mtl. Abteilungsbeitrag von 1,50 \u20ac erhoben.<\/li>\n<li>Ab dem 13.10.2014 wird f\u00fcr Mitglieder der Abteilung Tanz ein mtl. Abteilungsbeitrag von 7,50 \u20ac erhoben.<\/li>\n<\/ol>\n<p><strong>\u00a7 4 F\u00e4lligkeit<\/strong><\/p>\n<ol>\n<li>Der Mitgliedsbeitrag ist viertelj\u00e4hrlich zum 01.02., 01.05., 01.08. und 01.11. jeden Jahres f\u00e4llig, bei halbj\u00e4hrlicher Zahlung zum 01.03. und 01.09. jeden Jahres. Der Mitgliedsbeitrag wird per Lastschriftverfahren eingezogen, \u00fcber Ausnahmen entscheidet der Vorstand.<\/li>\n<li>Die Beitragspflicht endet gem. \u00a7 3 der Vereinssatzung mit Ende des Halbjahres, in dem der Austritt oder das Ende der Mitgliedschaft erfolgt.<\/li>\n<\/ol>\n<p><strong>\u00a7 5 Mahngeb\u00fchren, R\u00fccklastgeb\u00fchren\u00a0<\/strong><\/p>\n<ol>\n<li>Bei Zahlungsverzug sind Mahnungen zul\u00e4ssig. Hierf\u00fcr wird eine Mahngeb\u00fchr von 3,00 \u20ac je Mahnung erhoben.<\/li>\n<li>R\u00fccklastgeb\u00fchren der Banken sind vom Mitglied zu tragen. Diese Geb\u00fchren werden mit der Mahnung f\u00e4llig gestellt.<\/li>\n<\/ol>\n<p><strong>\u00a7 6 Sonstige Regelungen<\/strong><\/p>\n<ol>\n<li>Die Mitglieder sind verpflichtet, Anschriften- und Konten\u00e4nderungen umgehend schriftlich der Gesch\u00e4ftsstelle mitzuteilen. Werden die \u00c4nderungen nicht mitgeteilt, k\u00f6nnen dem Verein daraus keine Nachteile entstehen.<\/li>\n<li>Ein Mitglied kann durch Beschluss des Vorstandes gem. \u00a7 3 der Satzung von der Mitgliederliste gestrichen werden, wenn es trotz zweimaliger schriftlicher Mahnung mit der Zahlung von Beitr\u00e4gen an die zuletzt dem Verein bekannte Adresse in Verzug ist. Die Streichung darf erst beschlossen werden, wenn nach der Absendung der zweiten Mahnung ein Monat verstrichen ist und in dieser Mahnung ausdr\u00fccklich die Streichung angedroht wurde. Der Beschluss \u00fcber die Streichung aus der Mitgliederliste ist dem Mitglied mitzuteilen. Der zwangsweise Einzug r\u00fcckst\u00e4ndiger Beitr\u00e4ge auf dem Rechtsweg bleibt vorbehalten.<\/li>\n<\/ol>\n<p><strong>\u00a0\u00a7 7 \u00c4nderungen<\/strong><\/p>\n<ol>\n<li>Der Vorstand ist nach \u00a7 4, Nr. 4 der Satzung berechtigt, \u00c4nderungen dieser Beitragsordnung vorzunehmen. Die Mitgliedsbeitr\u00e4ge nach \u00a7 2, Nr. 1 der Beitragsordnung k\u00f6nnen nur von der Mitgliederversammlung ge\u00e4ndert werden.<\/li>\n<\/ol>\n<p><strong>\u00a7 8 In-Kraft-Treten<\/strong><\/p>\n<ol>\n<li>Diese Beitragsordnung tritt nach der ordentlichen Mitgliederversammlung 2008 in Kraft.\u00c4nderungen in der H\u00f6he von Vereins- und Abteilungsbeitrag werden jeweils angepasst. Anpassung nach Beschlu\u00df der MV vom 29.04.2022.<\/li>\n<\/ol>\n<\/div>\n<\/div>\n","protected":false},"excerpt":{"rendered":"<p>Beitragsordnung der Burscheider Turngemeinde 1867 e.V. BTG-Aufnahmeantrag-neu\u00a0als Download \u00a7 1 Beitragspflicht Jedes Vereinsmitglied hat nach \u00a7 4 der Vereinssatzung einen Mitgliedsbeitrag zu zahlen. Ehrenmitglieder sind beitragsfrei. \u00a7 2 H\u00f6he des Beitrags Der monatliche Mitgliedsbeitrag betr\u00e4gt in den Beitragsklassen: 01 Kinder und Jugendliche bis einschl. 18 Jahre, Sch\u00fcler, Studenten, Auszubildende, Wehr- und Ersatzdienstleistende: 9,50 \u20ac 02&#8230;<\/p>\n","protected":false},"author":1,"featured_media":0,"parent":8,"menu_order":0,"comment_status":"closed","ping_status":"closed","template":"","meta":{"_kad_post_transparent":"","_kad_post_title":"","_kad_post_layout":"","_kad_post_sidebar_id":"","_kad_post_content_style":"","_kad_post_vertical_padding":"","_kad_post_feature":"","_kad_post_feature_position":"","_kad_post_header":false,"_kad_post_footer":false,"_kad_post_classname":"","footnotes":""},"class_list":["post-95","page","type-page","status-publish","hentry"],"yoast_head":"<!-- This site is optimized with the Yoast SEO plugin v27.5 - https:\/\/yoast.com\/product\/yoast-seo-wordpress\/ -->\n<title>Beitragsordnung - Burscheider Turngemeinde 1867 e.V.<\/title>\n<meta name=\"robots\" content=\"index, follow, max-snippet:-1, max-image-preview:large, max-video-preview:-1\" \/>\n<link rel=\"canonical\" href=\"https:\/\/www.burscheidertg.de\/?page_id=95\" \/>\n<meta property=\"og:locale\" content=\"de_DE\" \/>\n<meta property=\"og:type\" content=\"article\" \/>\n<meta property=\"og:title\" content=\"Beitragsordnung - Burscheider Turngemeinde 1867 e.V.\" \/>\n<meta property=\"og:description\" content=\"Beitragsordnung der Burscheider Turngemeinde 1867 e.V. BTG-Aufnahmeantrag-neu\u00a0als Download \u00a7 1 Beitragspflicht Jedes Vereinsmitglied hat nach \u00a7 4 der Vereinssatzung einen Mitgliedsbeitrag zu zahlen. Ehrenmitglieder sind beitragsfrei. \u00a7 2 H\u00f6he des Beitrags Der monatliche Mitgliedsbeitrag betr\u00e4gt in den Beitragsklassen: 01 Kinder und Jugendliche bis einschl. 18 Jahre, Sch\u00fcler, Studenten, Auszubildende, Wehr- und Ersatzdienstleistende: 9,50 \u20ac 02...\" \/>\n<meta property=\"og:url\" content=\"https:\/\/www.burscheidertg.de\/?page_id=95\" \/>\n<meta property=\"og:site_name\" content=\"Burscheider Turngemeinde 1867 e.V.\" \/>\n<meta property=\"article:modified_time\" content=\"2024-09-11T18:05:15+00:00\" \/>\n<meta name=\"twitter:card\" content=\"summary_large_image\" \/>\n<meta name=\"twitter:label1\" content=\"Gesch\u00e4tzte Lesezeit\" \/>\n\t<meta name=\"twitter:data1\" content=\"2\u00a0Minuten\" \/>\n<script type=\"application\/ld+json\" class=\"yoast-schema-graph\">{\"@context\":\"https:\\\/\\\/schema.org\",\"@graph\":[{\"@type\":\"WebPage\",\"@id\":\"https:\\\/\\\/www.burscheidertg.de\\\/?page_id=95\",\"url\":\"https:\\\/\\\/www.burscheidertg.de\\\/?page_id=95\",\"name\":\"Beitragsordnung - Burscheider Turngemeinde 1867 e.V.\",\"isPartOf\":{\"@id\":\"https:\\\/\\\/www.burscheidertg.de\\\/#website\"},\"datePublished\":\"2013-02-26T17:56:00+00:00\",\"dateModified\":\"2024-09-11T18:05:15+00:00\",\"breadcrumb\":{\"@id\":\"https:\\\/\\\/www.burscheidertg.de\\\/?page_id=95#breadcrumb\"},\"inLanguage\":\"de\",\"potentialAction\":[{\"@type\":\"ReadAction\",\"target\":[\"https:\\\/\\\/www.burscheidertg.de\\\/?page_id=95\"]}]},{\"@type\":\"BreadcrumbList\",\"@id\":\"https:\\\/\\\/www.burscheidertg.de\\\/?page_id=95#breadcrumb\",\"itemListElement\":[{\"@type\":\"ListItem\",\"position\":1,\"name\":\"Home\",\"item\":\"https:\\\/\\\/www.burscheidertg.de\\\/\"},{\"@type\":\"ListItem\",\"position\":2,\"name\":\"Die BTG\",\"item\":\"https:\\\/\\\/www.burscheidertg.de\\\/?page_id=8\"},{\"@type\":\"ListItem\",\"position\":3,\"name\":\"Beitragsordnung\"}]},{\"@type\":\"WebSite\",\"@id\":\"https:\\\/\\\/www.burscheidertg.de\\\/#website\",\"url\":\"https:\\\/\\\/www.burscheidertg.de\\\/\",\"name\":\"Burscheider Turngemeinde 1867 e.V.\",\"description\":\"Gemeinsam Sport erleben\",\"publisher\":{\"@id\":\"https:\\\/\\\/www.burscheidertg.de\\\/#organization\"},\"potentialAction\":[{\"@type\":\"SearchAction\",\"target\":{\"@type\":\"EntryPoint\",\"urlTemplate\":\"https:\\\/\\\/www.burscheidertg.de\\\/?s={search_term_string}\"},\"query-input\":{\"@type\":\"PropertyValueSpecification\",\"valueRequired\":true,\"valueName\":\"search_term_string\"}}],\"inLanguage\":\"de\"},{\"@type\":\"Organization\",\"@id\":\"https:\\\/\\\/www.burscheidertg.de\\\/#organization\",\"name\":\"Burscheider Turngemeinde 1867 e.V.\",\"url\":\"https:\\\/\\\/www.burscheidertg.de\\\/\",\"logo\":{\"@type\":\"ImageObject\",\"inLanguage\":\"de\",\"@id\":\"https:\\\/\\\/www.burscheidertg.de\\\/#\\\/schema\\\/logo\\\/image\\\/\",\"url\":\"https:\\\/\\\/www.burscheidertg.de\\\/wp-content\\\/uploads\\\/cropped-cropped-cropped-logo-btg.jpg\",\"contentUrl\":\"https:\\\/\\\/www.burscheidertg.de\\\/wp-content\\\/uploads\\\/cropped-cropped-cropped-logo-btg.jpg\",\"width\":290,\"height\":167,\"caption\":\"Burscheider Turngemeinde 1867 e.V.\"},\"image\":{\"@id\":\"https:\\\/\\\/www.burscheidertg.de\\\/#\\\/schema\\\/logo\\\/image\\\/\"}}]}<\/script>\n<!-- \/ Yoast SEO plugin. -->","yoast_head_json":{"title":"Beitragsordnung - Burscheider Turngemeinde 1867 e.V.","robots":{"index":"index","follow":"follow","max-snippet":"max-snippet:-1","max-image-preview":"max-image-preview:large","max-video-preview":"max-video-preview:-1"},"canonical":"https:\/\/www.burscheidertg.de\/?page_id=95","og_locale":"de_DE","og_type":"article","og_title":"Beitragsordnung - Burscheider Turngemeinde 1867 e.V.","og_description":"Beitragsordnung der Burscheider Turngemeinde 1867 e.V. BTG-Aufnahmeantrag-neu\u00a0als Download \u00a7 1 Beitragspflicht Jedes Vereinsmitglied hat nach \u00a7 4 der Vereinssatzung einen Mitgliedsbeitrag zu zahlen. Ehrenmitglieder sind beitragsfrei. \u00a7 2 H\u00f6he des Beitrags Der monatliche Mitgliedsbeitrag betr\u00e4gt in den Beitragsklassen: 01 Kinder und Jugendliche bis einschl. 18 Jahre, Sch\u00fcler, Studenten, Auszubildende, Wehr- und Ersatzdienstleistende: 9,50 \u20ac 02...","og_url":"https:\/\/www.burscheidertg.de\/?page_id=95","og_site_name":"Burscheider Turngemeinde 1867 e.V.","article_modified_time":"2024-09-11T18:05:15+00:00","twitter_card":"summary_large_image","twitter_misc":{"Gesch\u00e4tzte Lesezeit":"2\u00a0Minuten"},"schema":{"@context":"https:\/\/schema.org","@graph":[{"@type":"WebPage","@id":"https:\/\/www.burscheidertg.de\/?page_id=95","url":"https:\/\/www.burscheidertg.de\/?page_id=95","name":"Beitragsordnung - Burscheider Turngemeinde 1867 e.V.","isPartOf":{"@id":"https:\/\/www.burscheidertg.de\/#website"},"datePublished":"2013-02-26T17:56:00+00:00","dateModified":"2024-09-11T18:05:15+00:00","breadcrumb":{"@id":"https:\/\/www.burscheidertg.de\/?page_id=95#breadcrumb"},"inLanguage":"de","potentialAction":[{"@type":"ReadAction","target":["https:\/\/www.burscheidertg.de\/?page_id=95"]}]},{"@type":"BreadcrumbList","@id":"https:\/\/www.burscheidertg.de\/?page_id=95#breadcrumb","itemListElement":[{"@type":"ListItem","position":1,"name":"Home","item":"https:\/\/www.burscheidertg.de\/"},{"@type":"ListItem","position":2,"name":"Die BTG","item":"https:\/\/www.burscheidertg.de\/?page_id=8"},{"@type":"ListItem","position":3,"name":"Beitragsordnung"}]},{"@type":"WebSite","@id":"https:\/\/www.burscheidertg.de\/#website","url":"https:\/\/www.burscheidertg.de\/","name":"Burscheider Turngemeinde 1867 e.V.","description":"Gemeinsam Sport erleben","publisher":{"@id":"https:\/\/www.burscheidertg.de\/#organization"},"potentialAction":[{"@type":"SearchAction","target":{"@type":"EntryPoint","urlTemplate":"https:\/\/www.burscheidertg.de\/?s={search_term_string}"},"query-input":{"@type":"PropertyValueSpecification","valueRequired":true,"valueName":"search_term_string"}}],"inLanguage":"de"},{"@type":"Organization","@id":"https:\/\/www.burscheidertg.de\/#organization","name":"Burscheider Turngemeinde 1867 e.V.","url":"https:\/\/www.burscheidertg.de\/","logo":{"@type":"ImageObject","inLanguage":"de","@id":"https:\/\/www.burscheidertg.de\/#\/schema\/logo\/image\/","url":"https:\/\/www.burscheidertg.de\/wp-content\/uploads\/cropped-cropped-cropped-logo-btg.jpg","contentUrl":"https:\/\/www.burscheidertg.de\/wp-content\/uploads\/cropped-cropped-cropped-logo-btg.jpg","width":290,"height":167,"caption":"Burscheider Turngemeinde 1867 e.V."},"image":{"@id":"https:\/\/www.burscheidertg.de\/#\/schema\/logo\/image\/"}}]}},"_links":{"self":[{"href":"https:\/\/www.burscheidertg.de\/index.php?rest_route=\/wp\/v2\/pages\/95","targetHints":{"allow":["GET"]}}],"collection":[{"href":"https:\/\/www.burscheidertg.de\/index.php?rest_route=\/wp\/v2\/pages"}],"about":[{"href":"https:\/\/www.burscheidertg.de\/index.php?rest_route=\/wp\/v2\/types\/page"}],"author":[{"embeddable":true,"href":"https:\/\/www.burscheidertg.de\/index.php?rest_route=\/wp\/v2\/users\/1"}],"replies":[{"embeddable":true,"href":"https:\/\/www.burscheidertg.de\/index.php?rest_route=%2Fwp%2Fv2%2Fcomments&post=95"}],"version-history":[{"count":0,"href":"https:\/\/www.burscheidertg.de\/index.php?rest_route=\/wp\/v2\/pages\/95\/revisions"}],"up":[{"embeddable":true,"href":"https:\/\/www.burscheidertg.de\/index.php?rest_route=\/wp\/v2\/pages\/8"}],"wp:attachment":[{"href":"https:\/\/www.burscheidertg.de\/index.php?rest_route=%2Fwp%2Fv2%2Fmedia&parent=95"}],"curies":[{"name":"wp","href":"https:\/\/api.w.org\/{rel}","templated":true}]}}