{"id":42,"date":"2013-02-23T18:01:31","date_gmt":"2013-02-23T16:01:31","guid":{"rendered":"http:\/\/www.burscheidertg.de\/wordpress\/?page_id=42"},"modified":"2026-02-12T13:17:32","modified_gmt":"2026-02-12T12:17:32","slug":"judo","status":"publish","type":"page","link":"https:\/\/www.burscheidertg.de\/?page_id=42","title":{"rendered":"Judo"},"content":{"rendered":"<p><img loading=\"lazy\" decoding=\"async\" class=\"size-medium wp-image-3135\" src=\"https:\/\/www.burscheidertg.de\/wp-content\/uploads\/AdobeStock_126374082_Judo-370x261.jpeg\" alt=\"\" width=\"370\" height=\"261\" srcset=\"https:\/\/www.burscheidertg.de\/wp-content\/uploads\/AdobeStock_126374082_Judo-370x261.jpeg 370w, https:\/\/www.burscheidertg.de\/wp-content\/uploads\/AdobeStock_126374082_Judo-740x522.jpeg 740w, https:\/\/www.burscheidertg.de\/wp-content\/uploads\/AdobeStock_126374082_Judo-768x541.jpeg 768w, https:\/\/www.burscheidertg.de\/wp-content\/uploads\/AdobeStock_126374082_Judo-1536x1083.jpeg 1536w, https:\/\/www.burscheidertg.de\/wp-content\/uploads\/AdobeStock_126374082_Judo-2048x1444.jpeg 2048w\" sizes=\"auto, (max-width: 370px) 100vw, 370px\" \/><\/p>\n<h1>Judo<\/h1>\n<table style=\"width: 100%; height: 350px;\" width=\"595\">\n<tbody>\n<tr style=\"height: 25px;\">\n<td style=\"height: 25px; width: 37.8608%;\" width=\"228\"><strong>Dienstag<\/strong><\/td>\n<td style=\"height: 25px; width: 23.854%;\" width=\"143\"><\/td>\n<td style=\"height: 25px; width: 7.13073%;\" width=\"43\"><\/td>\n<td style=\"height: 25px; width: 30.1358%;\" width=\"181\"><\/td>\n<\/tr>\n<tr style=\"height: 25px;\">\n<td style=\"height: 25px; width: 37.8608%;\">Leistungsgruppe U11 &#8211; U15<\/td>\n<td style=\"height: 25px; width: 23.854%;\">18.00 &#8211; 19.00 Uhr<\/td>\n<td style=\"height: 25px; width: 7.13073%;\">Dojo<\/td>\n<td style=\"height: 25px; width: 30.1358%;\">S. Keles<\/td>\n<\/tr>\n<tr style=\"height: 25px;\">\n<td style=\"height: 25px; width: 37.8608%;\">U18 \/ Erwachsene<\/td>\n<td style=\"height: 25px; width: 23.854%;\">19.00 &#8211; 20.30 Uhr<\/td>\n<td style=\"height: 25px; width: 7.13073%;\">Dojo<\/td>\n<td style=\"height: 25px; width: 30.1358%;\">K. Zimmermann<\/td>\n<\/tr>\n<tr style=\"height: 25px;\">\n<td style=\"height: 25px; width: 37.8608%;\"><strong>Mittwoch<\/strong><\/td>\n<td style=\"height: 25px; width: 23.854%;\"><\/td>\n<td style=\"height: 25px; width: 7.13073%;\"><\/td>\n<td style=\"height: 25px; width: 30.1358%;\"><\/td>\n<\/tr>\n<tr style=\"height: 25px;\">\n<td style=\"height: 25px; width: 37.8608%;\">Judo-Gymnastik \/ Selbstverteidigung<\/td>\n<td style=\"height: 25px; width: 23.854%;\">20.00 &#8211; 22.00 Uhr<\/td>\n<td style=\"height: 25px; width: 7.13073%;\">HPH<\/td>\n<td style=\"height: 25px; width: 30.1358%;\">S. Keles<\/td>\n<\/tr>\n<tr style=\"height: 25px;\">\n<td style=\"height: 25px; width: 37.8608%;\"><strong>Donnerstag<\/strong><\/td>\n<td style=\"height: 25px; width: 23.854%;\"><\/td>\n<td style=\"height: 25px; width: 7.13073%;\"><\/td>\n<td style=\"height: 25px; width: 30.1358%;\"><\/td>\n<\/tr>\n<tr style=\"height: 25px;\">\n<td style=\"height: 25px; width: 37.8608%;\">Kinder U10<\/td>\n<td style=\"height: 25px; width: 23.854%;\">16.00 &#8211; 17.00 Uhr<\/td>\n<td style=\"height: 25px; width: 7.13073%;\">Dojo<\/td>\n<td style=\"height: 25px; width: 30.1358%;\">K. Luther<\/td>\n<\/tr>\n<tr style=\"height: 25px;\">\n<td style=\"height: 25px; width: 37.8608%;\">Jugendliche U12<\/td>\n<td style=\"height: 25px; width: 23.854%;\">17.00 &#8211; 18.00 Uhr<\/td>\n<td style=\"height: 25px; width: 7.13073%;\">Dojo<\/td>\n<td style=\"height: 25px; width: 30.1358%;\">K. Luther<\/td>\n<\/tr>\n<tr style=\"height: 25px;\">\n<td style=\"height: 25px; width: 37.8608%;\">Training bei Bedarf<\/td>\n<td style=\"height: 25px; width: 23.854%;\">18.00 &#8211; 18.30 Uhr<\/td>\n<td style=\"height: 25px; width: 7.13073%;\">Dojo<\/td>\n<td style=\"height: 25px; width: 30.1358%;\">K. Luther<\/td>\n<\/tr>\n<tr style=\"height: 25px;\">\n<td style=\"height: 25px; width: 37.8608%;\"><strong>Freitag\u00a0<\/strong><\/td>\n<td style=\"height: 25px; width: 23.854%;\"><\/td>\n<td style=\"height: 25px; width: 7.13073%;\"><\/td>\n<td style=\"height: 25px; width: 30.1358%;\"><\/td>\n<\/tr>\n<tr style=\"height: 25px;\">\n<td style=\"height: 25px; width: 37.8608%;\">Kinder U12<\/td>\n<td style=\"height: 25px; width: 23.854%;\">16.00 &#8211; 17.00 Uhr<\/td>\n<td style=\"height: 25px; width: 7.13073%;\">HPH<\/td>\n<td style=\"height: 25px; width: 30.1358%;\">S. Keles<\/td>\n<\/tr>\n<tr style=\"height: 25px;\">\n<td style=\"height: 25px; width: 37.8608%;\">Jugendliche U15<\/td>\n<td style=\"height: 25px; width: 23.854%;\">17.00 &#8211; 18.00 Uhr<\/td>\n<td style=\"height: 25px; width: 7.13073%;\">HPH<\/td>\n<td style=\"height: 25px; width: 30.1358%;\">S. Keles<\/td>\n<\/tr>\n<tr style=\"height: 25px;\">\n<td style=\"height: 25px; width: 37.8608%;\">Jugendliche U17<\/td>\n<td style=\"height: 25px; width: 23.854%;\">18.00 &#8211; 19.00 Uhr<\/td>\n<td style=\"height: 25px; width: 7.13073%;\">HPH<\/td>\n<td style=\"height: 25px; width: 30.1358%;\">S. Keles<\/td>\n<\/tr>\n<\/tbody>\n<\/table>\n<p><img loading=\"lazy\" decoding=\"async\" class=\"aligncenter size-full wp-image-278\" src=\"http:\/\/www.burscheidertg.de\/wp-content\/uploads\/wsb_638x474_IMG_5611.jpg\" alt=\"_wsb_638x474_IMG_5611\" width=\"638\" height=\"474\" srcset=\"https:\/\/www.burscheidertg.de\/wp-content\/uploads\/wsb_638x474_IMG_5611.jpg 638w, https:\/\/www.burscheidertg.de\/wp-content\/uploads\/wsb_638x474_IMG_5611-370x274.jpg 370w\" sizes=\"auto, (max-width: 638px) 100vw, 638px\" \/><\/p>\n<p align=\"justify\">Judo ist ein japanischer Kampfsport, der vor rund 100 Jahren von Dr. Kano entwickelt wurde. Kano \u00fcbernahm viele Techniken aus dem traditionellen Ju-Jitsu und eliminierte alle t\u00f6dlichen und gef\u00e4hrlichen Techniken.<br \/>\nDeshalb sind im Judo keine Schl\u00e4ge und Tritte erlaubt. Judo ist Sport, doch bietet es auch in Notsituationen einen deutlichen R\u00fcckhalt und hilft, diese zu bew\u00e4ltigen. Das Prinzip des Judo hei\u00dft Siegen durch Nachgeben. Es f\u00fchrt zu runden Bewegungen, die die Kraft des Gegners ausnutzen und in Wurf- oder Haltetechniken enden.<br \/>\nDieses Prinzip kann auch im t\u00e4glichen Leben oftmals zu verbl\u00fcffenden Erfolgen f\u00fchren.<\/p>\n<p>Dass Jigoro Kano den Judo Sport entwickelt hat ist bewiesen, aber doch erz\u00e4hlt man sich in den tiefen Bergen Japans eine Legende dar\u00fcber, wie der Judo Sport entstanden ist:<\/p>\n<p align=\"justify\">\u201eEs war ein tiefer Winter, viel schlimmer als es Japan gew\u00f6hnt war. Und alle gro\u00dfen, starken B\u00e4ume zerbrachen unter der Last des Schnees. Doch eine kleine Fichte bog sich und warf den Schnee ab. So \u00fcberlebte die Fichte\u201c.<\/p>\n<p align=\"justify\">Damit war das Grundprinzip des Judos gegeben: \u201eSiegen durch nachgeben\u201c.<\/p>\n<p align=\"justify\">Link zur BTG-Judoabteilung: <a href=\"http:\/\/www.btg-judoteam.de\/\" target=\"_blank\" rel=\"noopener\">www.btg-judoteam.de<\/a><\/p>\n","protected":false},"excerpt":{"rendered":"<p>Judo Dienstag Leistungsgruppe U11 &#8211; U15 18.00 &#8211; 19.00 Uhr Dojo S. Keles U18 \/ Erwachsene 19.00 &#8211; 20.30 Uhr Dojo K. Zimmermann Mittwoch Judo-Gymnastik \/ Selbstverteidigung 20.00 &#8211; 22.00 Uhr HPH S. Keles Donnerstag Kinder U10 16.00 &#8211; 17.00 Uhr Dojo K. Luther Jugendliche U12 17.00 &#8211; 18.00 Uhr Dojo K. Luther Training bei&#8230;<\/p>\n","protected":false},"author":1,"featured_media":0,"parent":18,"menu_order":0,"comment_status":"closed","ping_status":"closed","template":"","meta":{"_kad_post_transparent":"","_kad_post_title":"","_kad_post_layout":"","_kad_post_sidebar_id":"","_kad_post_content_style":"","_kad_post_vertical_padding":"","_kad_post_feature":"","_kad_post_feature_position":"","_kad_post_header":false,"_kad_post_footer":false,"_kad_post_classname":"","footnotes":""},"class_list":["post-42","page","type-page","status-publish","hentry"],"yoast_head":"<!-- This site is optimized with the Yoast SEO plugin v27.1.1 - https:\/\/yoast.com\/product\/yoast-seo-wordpress\/ -->\n<title>Judo - Burscheider Turngemeinde 1867 e.V.<\/title>\n<meta name=\"robots\" content=\"index, follow, max-snippet:-1, max-image-preview:large, max-video-preview:-1\" \/>\n<link rel=\"canonical\" href=\"https:\/\/www.burscheidertg.de\/?page_id=42\" \/>\n<meta property=\"og:locale\" content=\"de_DE\" \/>\n<meta property=\"og:type\" content=\"article\" \/>\n<meta property=\"og:title\" content=\"Judo - Burscheider Turngemeinde 1867 e.V.\" \/>\n<meta property=\"og:description\" content=\"Judo Dienstag Leistungsgruppe U11 &#8211; U15 18.00 &#8211; 19.00 Uhr Dojo S. Keles U18 \/ Erwachsene 19.00 &#8211; 20.30 Uhr Dojo K. Zimmermann Mittwoch Judo-Gymnastik \/ Selbstverteidigung 20.00 &#8211; 22.00 Uhr HPH S. Keles Donnerstag Kinder U10 16.00 &#8211; 17.00 Uhr Dojo K. Luther Jugendliche U12 17.00 &#8211; 18.00 Uhr Dojo K. Luther Training bei...\" \/>\n<meta property=\"og:url\" content=\"https:\/\/www.burscheidertg.de\/?page_id=42\" \/>\n<meta property=\"og:site_name\" content=\"Burscheider Turngemeinde 1867 e.V.\" \/>\n<meta property=\"article:modified_time\" content=\"2026-02-12T12:17:32+00:00\" \/>\n<meta property=\"og:image\" content=\"https:\/\/www.burscheidertg.de\/wp-content\/uploads\/AdobeStock_126374082_Judo-scaled.jpeg\" \/>\n\t<meta property=\"og:image:width\" content=\"2560\" \/>\n\t<meta property=\"og:image:height\" content=\"1805\" \/>\n\t<meta property=\"og:image:type\" content=\"image\/jpeg\" \/>\n<meta name=\"twitter:card\" content=\"summary_large_image\" \/>\n<meta name=\"twitter:label1\" content=\"Gesch\u00e4tzte Lesezeit\" \/>\n\t<meta name=\"twitter:data1\" content=\"2\u00a0Minuten\" \/>\n<script type=\"application\/ld+json\" class=\"yoast-schema-graph\">{\"@context\":\"https:\/\/schema.org\",\"@graph\":[{\"@type\":\"WebPage\",\"@id\":\"https:\/\/www.burscheidertg.de\/?page_id=42\",\"url\":\"https:\/\/www.burscheidertg.de\/?page_id=42\",\"name\":\"Judo - Burscheider Turngemeinde 1867 e.V.\",\"isPartOf\":{\"@id\":\"https:\/\/www.burscheidertg.de\/#website\"},\"primaryImageOfPage\":{\"@id\":\"https:\/\/www.burscheidertg.de\/?page_id=42#primaryimage\"},\"image\":{\"@id\":\"https:\/\/www.burscheidertg.de\/?page_id=42#primaryimage\"},\"thumbnailUrl\":\"https:\/\/www.burscheidertg.de\/wp-content\/uploads\/AdobeStock_126374082_Judo-370x261.jpeg\",\"datePublished\":\"2013-02-23T16:01:31+00:00\",\"dateModified\":\"2026-02-12T12:17:32+00:00\",\"breadcrumb\":{\"@id\":\"https:\/\/www.burscheidertg.de\/?page_id=42#breadcrumb\"},\"inLanguage\":\"de\",\"potentialAction\":[{\"@type\":\"ReadAction\",\"target\":[\"https:\/\/www.burscheidertg.de\/?page_id=42\"]}]},{\"@type\":\"ImageObject\",\"inLanguage\":\"de\",\"@id\":\"https:\/\/www.burscheidertg.de\/?page_id=42#primaryimage\",\"url\":\"https:\/\/www.burscheidertg.de\/wp-content\/uploads\/AdobeStock_126374082_Judo-scaled.jpeg\",\"contentUrl\":\"https:\/\/www.burscheidertg.de\/wp-content\/uploads\/AdobeStock_126374082_Judo-scaled.jpeg\",\"width\":2560,\"height\":1805,\"caption\":\"Judo sport training in the sports hall\"},{\"@type\":\"BreadcrumbList\",\"@id\":\"https:\/\/www.burscheidertg.de\/?page_id=42#breadcrumb\",\"itemListElement\":[{\"@type\":\"ListItem\",\"position\":1,\"name\":\"Home\",\"item\":\"https:\/\/www.burscheidertg.de\/\"},{\"@type\":\"ListItem\",\"position\":2,\"name\":\"BTG Sportangebot\",\"item\":\"https:\/\/www.burscheidertg.de\/?page_id=18\"},{\"@type\":\"ListItem\",\"position\":3,\"name\":\"Judo\"}]},{\"@type\":\"WebSite\",\"@id\":\"https:\/\/www.burscheidertg.de\/#website\",\"url\":\"https:\/\/www.burscheidertg.de\/\",\"name\":\"Burscheider Turngemeinde 1867 e.V.\",\"description\":\"Gemeinsam Sport erleben\",\"publisher\":{\"@id\":\"https:\/\/www.burscheidertg.de\/#organization\"},\"potentialAction\":[{\"@type\":\"SearchAction\",\"target\":{\"@type\":\"EntryPoint\",\"urlTemplate\":\"https:\/\/www.burscheidertg.de\/?s={search_term_string}\"},\"query-input\":{\"@type\":\"PropertyValueSpecification\",\"valueRequired\":true,\"valueName\":\"search_term_string\"}}],\"inLanguage\":\"de\"},{\"@type\":\"Organization\",\"@id\":\"https:\/\/www.burscheidertg.de\/#organization\",\"name\":\"Burscheider Turngemeinde 1867 e.V.\",\"url\":\"https:\/\/www.burscheidertg.de\/\",\"logo\":{\"@type\":\"ImageObject\",\"inLanguage\":\"de\",\"@id\":\"https:\/\/www.burscheidertg.de\/#\/schema\/logo\/image\/\",\"url\":\"https:\/\/www.burscheidertg.de\/wp-content\/uploads\/cropped-cropped-cropped-logo-btg.jpg\",\"contentUrl\":\"https:\/\/www.burscheidertg.de\/wp-content\/uploads\/cropped-cropped-cropped-logo-btg.jpg\",\"width\":290,\"height\":167,\"caption\":\"Burscheider Turngemeinde 1867 e.V.\"},\"image\":{\"@id\":\"https:\/\/www.burscheidertg.de\/#\/schema\/logo\/image\/\"}}]}<\/script>\n<!-- \/ Yoast SEO plugin. -->","yoast_head_json":{"title":"Judo - Burscheider Turngemeinde 1867 e.V.","robots":{"index":"index","follow":"follow","max-snippet":"max-snippet:-1","max-image-preview":"max-image-preview:large","max-video-preview":"max-video-preview:-1"},"canonical":"https:\/\/www.burscheidertg.de\/?page_id=42","og_locale":"de_DE","og_type":"article","og_title":"Judo - Burscheider Turngemeinde 1867 e.V.","og_description":"Judo Dienstag Leistungsgruppe U11 &#8211; U15 18.00 &#8211; 19.00 Uhr Dojo S. Keles U18 \/ Erwachsene 19.00 &#8211; 20.30 Uhr Dojo K. Zimmermann Mittwoch Judo-Gymnastik \/ Selbstverteidigung 20.00 &#8211; 22.00 Uhr HPH S. Keles Donnerstag Kinder U10 16.00 &#8211; 17.00 Uhr Dojo K. Luther Jugendliche U12 17.00 &#8211; 18.00 Uhr Dojo K. Luther Training bei...","og_url":"https:\/\/www.burscheidertg.de\/?page_id=42","og_site_name":"Burscheider Turngemeinde 1867 e.V.","article_modified_time":"2026-02-12T12:17:32+00:00","og_image":[{"width":2560,"height":1805,"url":"https:\/\/www.burscheidertg.de\/wp-content\/uploads\/AdobeStock_126374082_Judo-scaled.jpeg","type":"image\/jpeg"}],"twitter_card":"summary_large_image","twitter_misc":{"Gesch\u00e4tzte Lesezeit":"2\u00a0Minuten"},"schema":{"@context":"https:\/\/schema.org","@graph":[{"@type":"WebPage","@id":"https:\/\/www.burscheidertg.de\/?page_id=42","url":"https:\/\/www.burscheidertg.de\/?page_id=42","name":"Judo - Burscheider Turngemeinde 1867 e.V.","isPartOf":{"@id":"https:\/\/www.burscheidertg.de\/#website"},"primaryImageOfPage":{"@id":"https:\/\/www.burscheidertg.de\/?page_id=42#primaryimage"},"image":{"@id":"https:\/\/www.burscheidertg.de\/?page_id=42#primaryimage"},"thumbnailUrl":"https:\/\/www.burscheidertg.de\/wp-content\/uploads\/AdobeStock_126374082_Judo-370x261.jpeg","datePublished":"2013-02-23T16:01:31+00:00","dateModified":"2026-02-12T12:17:32+00:00","breadcrumb":{"@id":"https:\/\/www.burscheidertg.de\/?page_id=42#breadcrumb"},"inLanguage":"de","potentialAction":[{"@type":"ReadAction","target":["https:\/\/www.burscheidertg.de\/?page_id=42"]}]},{"@type":"ImageObject","inLanguage":"de","@id":"https:\/\/www.burscheidertg.de\/?page_id=42#primaryimage","url":"https:\/\/www.burscheidertg.de\/wp-content\/uploads\/AdobeStock_126374082_Judo-scaled.jpeg","contentUrl":"https:\/\/www.burscheidertg.de\/wp-content\/uploads\/AdobeStock_126374082_Judo-scaled.jpeg","width":2560,"height":1805,"caption":"Judo sport training in the sports hall"},{"@type":"BreadcrumbList","@id":"https:\/\/www.burscheidertg.de\/?page_id=42#breadcrumb","itemListElement":[{"@type":"ListItem","position":1,"name":"Home","item":"https:\/\/www.burscheidertg.de\/"},{"@type":"ListItem","position":2,"name":"BTG Sportangebot","item":"https:\/\/www.burscheidertg.de\/?page_id=18"},{"@type":"ListItem","position":3,"name":"Judo"}]},{"@type":"WebSite","@id":"https:\/\/www.burscheidertg.de\/#website","url":"https:\/\/www.burscheidertg.de\/","name":"Burscheider Turngemeinde 1867 e.V.","description":"Gemeinsam Sport erleben","publisher":{"@id":"https:\/\/www.burscheidertg.de\/#organization"},"potentialAction":[{"@type":"SearchAction","target":{"@type":"EntryPoint","urlTemplate":"https:\/\/www.burscheidertg.de\/?s={search_term_string}"},"query-input":{"@type":"PropertyValueSpecification","valueRequired":true,"valueName":"search_term_string"}}],"inLanguage":"de"},{"@type":"Organization","@id":"https:\/\/www.burscheidertg.de\/#organization","name":"Burscheider Turngemeinde 1867 e.V.","url":"https:\/\/www.burscheidertg.de\/","logo":{"@type":"ImageObject","inLanguage":"de","@id":"https:\/\/www.burscheidertg.de\/#\/schema\/logo\/image\/","url":"https:\/\/www.burscheidertg.de\/wp-content\/uploads\/cropped-cropped-cropped-logo-btg.jpg","contentUrl":"https:\/\/www.burscheidertg.de\/wp-content\/uploads\/cropped-cropped-cropped-logo-btg.jpg","width":290,"height":167,"caption":"Burscheider Turngemeinde 1867 e.V."},"image":{"@id":"https:\/\/www.burscheidertg.de\/#\/schema\/logo\/image\/"}}]}},"_links":{"self":[{"href":"https:\/\/www.burscheidertg.de\/index.php?rest_route=\/wp\/v2\/pages\/42","targetHints":{"allow":["GET"]}}],"collection":[{"href":"https:\/\/www.burscheidertg.de\/index.php?rest_route=\/wp\/v2\/pages"}],"about":[{"href":"https:\/\/www.burscheidertg.de\/index.php?rest_route=\/wp\/v2\/types\/page"}],"author":[{"embeddable":true,"href":"https:\/\/www.burscheidertg.de\/index.php?rest_route=\/wp\/v2\/users\/1"}],"replies":[{"embeddable":true,"href":"https:\/\/www.burscheidertg.de\/index.php?rest_route=%2Fwp%2Fv2%2Fcomments&post=42"}],"version-history":[{"count":0,"href":"https:\/\/www.burscheidertg.de\/index.php?rest_route=\/wp\/v2\/pages\/42\/revisions"}],"up":[{"embeddable":true,"href":"https:\/\/www.burscheidertg.de\/index.php?rest_route=\/wp\/v2\/pages\/18"}],"wp:attachment":[{"href":"https:\/\/www.burscheidertg.de\/index.php?rest_route=%2Fwp%2Fv2%2Fmedia&parent=42"}],"curies":[{"name":"wp","href":"https:\/\/api.w.org\/{rel}","templated":true}]}}