{"id":308,"date":"2013-03-19T08:11:15","date_gmt":"2013-03-19T06:11:15","guid":{"rendered":"http:\/\/www.burscheidertg.de\/wordpress\/?page_id=308"},"modified":"2026-03-16T10:21:31","modified_gmt":"2026-03-16T09:21:31","slug":"links","status":"publish","type":"page","link":"https:\/\/www.burscheidertg.de\/?page_id=308","title":{"rendered":"Links"},"content":{"rendered":"<div>\n<div>\n<h2>Burscheider Sportvereine<\/h2>\n<\/div>\n<\/div>\n<div>\n<div>\n<div><b><\/b><br \/>\nTurngemeinde Hilgen 04 e.V.<br \/>\n<a href=\"http:\/\/www.tghilgen.de\" target=\"_blank\" rel=\"noopener\"><b>www.tghilgen.de<\/b><\/a><\/div>\n<\/div>\n<\/div>\n<div>\n<div>\n<div>Ballspielverein 1911 Burscheid<br \/>\n<a href=\"http:\/\/www.bvburscheid.de\" target=\"_blank\" rel=\"noopener\"><b>www.bvburscheid.de<\/b><\/a><\/div>\n<\/div>\n<\/div>\n<div>\n<div>\n<div>TB Gro\u00df\u00f6singhausen<br \/>\n<a href=\"http:\/\/www.tboe1884.de\" target=\"_blank\" rel=\"noopener\"><b>www.tboe1884.de<\/b><\/a><\/div>\n<\/div>\n<\/div>\n<div>\n<div>\n<div>DLRG Ortsgruppe Burscheid<br \/>\n<a href=\"https:\/\/burscheid.dlrg.de\" target=\"_blank\" rel=\"noopener\"><b>www.burscheid.dlrg.de\/<\/b><\/a><\/div>\n<\/div>\n<\/div>\n<div>\n<div>\n<div>Burscheider Sch\u00fctzenverein 1864<br \/>\n<a href=\"http:\/\/www.bsv1864.de\" target=\"_blank\" rel=\"noopener\"><b>www.bsv1864.de<\/b><\/a><\/div>\n<\/div>\n<\/div>\n<div>\n<div>\n<div>Hilgener Sch\u00fctzenverein<br \/>\n<a href=\"https:\/\/sv-hilgen.de\" target=\"_blank\" rel=\"noopener\"><b>www.hilgenersv.de<\/b><\/a><\/div>\n<\/div>\n<\/div>\n<div>\n<div>\n<div>Tennisclub Gr\u00fcn-Wei\u00df Burscheid<br \/>\n<a href=\"https:\/\/tennisclubburscheid.de\/\" target=\"_blank\" rel=\"noopener\"><b>www.tennisclubburscheid.de<\/b><\/a><\/div>\n<\/div>\n<\/div>\n<div>\n<div>\n<div>Tischtennisclub Burscheid<br \/>\n<a href=\"https:\/\/www.ttc-burscheid.de\" target=\"_blank\" rel=\"noopener\"><b>www.ttc-burscheid.de<\/b><\/a><\/div>\n<\/div>\n<\/div>\n<div>\n<div>\n<h2>Sportverb\u00e4nde<\/h2>\n<\/div>\n<\/div>\n<div>\n<div>\n<div>Rheinischer Turnerbund<br \/>\n<a href=\"http:\/\/www.rtb.de\" target=\"_blank\" rel=\"noopener\"><b>www.rtb.de<\/b><\/a><br \/>\nDeutscher Turner-Bund<\/div>\n<\/div>\n<\/div>\n<div>\n<div>\n<div><a href=\"http:\/\/www.dtb.de\" target=\"_blank\" rel=\"noopener\"><b>www.dtb.de<\/b><\/a><br \/>\nKreissportbund Rhein-Berg<br \/>\n<a href=\"http:\/\/www.kreissportbund-rhein-berg.de\"><strong>www.kreissportbund-rhein-berg.de<\/strong><\/a><\/div>\n<\/div>\n<\/div>\n<div>\n<div>\n<div>Deutscher Olympischer Sportbund<\/div>\n<\/div>\n<\/div>\n<div>\n<div>\n<div><a href=\"http:\/\/www.dosb.de\" target=\"_blank\" rel=\"noopener\"><b>www.dosb.de<\/b><\/a><br \/>\nLandessportbund NRW<\/div>\n<\/div>\n<\/div>\n<div>\n<div>\n<div><a href=\"http:\/\/www.lsb.nrw\" target=\"_blank\" rel=\"noopener\"><b>www.lsb.nrw<\/b><\/a><br \/>\nWestdeutscher Handballverband<\/div>\n<\/div>\n<\/div>\n<div>\n<div>\n<div><a href=\"http:\/\/www.westdeutscher-handball-verband.de\" target=\"_blank\" rel=\"noopener\"><b>www.westdeutscher-handball-verband.de<\/b><\/a><br \/>\nSchwimmverband NRW<\/div>\n<\/div>\n<\/div>\n<div>\n<div>\n<div><a href=\"http:\/\/www.swimpool.de\" target=\"_blank\" rel=\"noopener\"><b>www.swimpool.de<\/b><\/a><br \/>\nWestdeutscher Volleyballverband<\/div>\n<\/div>\n<\/div>\n<div>\n<div>\n<div><a href=\"http:\/\/www.wvv-volleyball.de\" target=\"_blank\" rel=\"noopener\"><b>www.wvv-volleyball.de<\/b><\/a><br \/>\nWestdeutscher Kegel- und Bowlingverband<\/div>\n<\/div>\n<\/div>\n<div>\n<div>\n<div><a href=\"http:\/\/www.w-k-v.de\" target=\"_blank\" rel=\"noopener\"><b>www.w-k-v.de<\/b><\/a><br \/>\nWestdeutscher Basketball-Verband<\/div>\n<\/div>\n<\/div>\n<div>\n<div>\n<div><a href=\"https:\/\/www.basketball.nrw\/\" target=\"_blank\" rel=\"noopener\"><b>www.basketball.nrw\/<\/b><\/a><br \/>\nNordrhein-Westf\u00e4lischer Judoverband<\/div>\n<\/div>\n<\/div>\n<div>\n<div>\n<div><a href=\"https:\/\/www.nwjv.de\" target=\"_blank\" rel=\"noopener\"><b>www.nwjv.de\/\/<\/b><\/a><br \/>\nStadtsportverband Burscheid<\/div>\n<\/div>\n<\/div>\n<div>\n<div>\n<div><a href=\"http:\/\/www.stadtsportverband-burscheid.de\" target=\"_blank\" rel=\"noopener\"><b>www.stadtsportverband-burscheid.de<\/b><\/a><\/div>\n<\/div>\n<\/div>\n<div>\n<div>\n<h2>Haftungshinweis<\/h2>\n<p>Trotz sorgf\u00e4ltiger inhaltlicher Kontrolle \u00fcbernehmen wir keine Haftung f\u00fcr die Inhalte externer Links. F\u00fcr den Inhalt der verlinkten Seiten sind ausschlie\u00dflich deren Betreiber verantwortlich.<\/p>\n<p>Informationen zum <a href=\"http:\/\/www.disclaimer.de\/disclaimer.htm\" target=\"_blank\" rel=\"noopener\"> Haftungsausschluss<\/a> f\u00fcr diese Website.<\/p>\n<\/div>\n<\/div>\n","protected":false},"excerpt":{"rendered":"<p>Burscheider Sportvereine Turngemeinde Hilgen 04 e.V. www.tghilgen.de Ballspielverein 1911 Burscheid www.bvburscheid.de TB Gro\u00df\u00f6singhausen www.tboe1884.de DLRG Ortsgruppe Burscheid www.burscheid.dlrg.de\/ Burscheider Sch\u00fctzenverein 1864 www.bsv1864.de Hilgener Sch\u00fctzenverein www.hilgenersv.de Tennisclub Gr\u00fcn-Wei\u00df Burscheid www.tennisclubburscheid.de Tischtennisclub Burscheid www.ttc-burscheid.de Sportverb\u00e4nde Rheinischer Turnerbund www.rtb.de Deutscher Turner-Bund www.dtb.de Kreissportbund Rhein-Berg www.kreissportbund-rhein-berg.de Deutscher Olympischer Sportbund www.dosb.de Landessportbund NRW www.lsb.nrw Westdeutscher Handballverband www.westdeutscher-handball-verband.de Schwimmverband NRW www.swimpool.de&#8230;<\/p>\n","protected":false},"author":1,"featured_media":0,"parent":0,"menu_order":0,"comment_status":"closed","ping_status":"closed","template":"","meta":{"_kad_post_transparent":"default","_kad_post_title":"default","_kad_post_layout":"default","_kad_post_sidebar_id":"","_kad_post_content_style":"default","_kad_post_vertical_padding":"default","_kad_post_feature":"","_kad_post_feature_position":"","_kad_post_header":false,"_kad_post_footer":false,"_kad_post_classname":"","footnotes":""},"class_list":["post-308","page","type-page","status-publish","hentry"],"yoast_head":"<!-- This site is optimized with the Yoast SEO plugin v27.1.1 - https:\/\/yoast.com\/product\/yoast-seo-wordpress\/ -->\n<title>Links - Burscheider Turngemeinde 1867 e.V.<\/title>\n<meta name=\"robots\" content=\"index, follow, max-snippet:-1, max-image-preview:large, max-video-preview:-1\" \/>\n<link rel=\"canonical\" href=\"https:\/\/www.burscheidertg.de\/?page_id=308\" \/>\n<meta property=\"og:locale\" content=\"de_DE\" \/>\n<meta property=\"og:type\" content=\"article\" \/>\n<meta property=\"og:title\" content=\"Links - Burscheider Turngemeinde 1867 e.V.\" \/>\n<meta property=\"og:description\" content=\"Burscheider Sportvereine Turngemeinde Hilgen 04 e.V. www.tghilgen.de Ballspielverein 1911 Burscheid www.bvburscheid.de TB Gro\u00df\u00f6singhausen www.tboe1884.de DLRG Ortsgruppe Burscheid www.burscheid.dlrg.de\/ Burscheider Sch\u00fctzenverein 1864 www.bsv1864.de Hilgener Sch\u00fctzenverein www.hilgenersv.de Tennisclub Gr\u00fcn-Wei\u00df Burscheid www.tennisclubburscheid.de Tischtennisclub Burscheid www.ttc-burscheid.de Sportverb\u00e4nde Rheinischer Turnerbund www.rtb.de Deutscher Turner-Bund www.dtb.de Kreissportbund Rhein-Berg www.kreissportbund-rhein-berg.de Deutscher Olympischer Sportbund www.dosb.de Landessportbund NRW www.lsb.nrw Westdeutscher Handballverband www.westdeutscher-handball-verband.de Schwimmverband NRW www.swimpool.de...\" \/>\n<meta property=\"og:url\" content=\"https:\/\/www.burscheidertg.de\/?page_id=308\" \/>\n<meta property=\"og:site_name\" content=\"Burscheider Turngemeinde 1867 e.V.\" \/>\n<meta property=\"article:modified_time\" content=\"2026-03-16T09:21:31+00:00\" \/>\n<meta name=\"twitter:card\" content=\"summary_large_image\" \/>\n<meta name=\"twitter:label1\" content=\"Gesch\u00e4tzte Lesezeit\" \/>\n\t<meta name=\"twitter:data1\" content=\"1\u00a0Minute\" \/>\n<script type=\"application\/ld+json\" class=\"yoast-schema-graph\">{\"@context\":\"https:\/\/schema.org\",\"@graph\":[{\"@type\":\"WebPage\",\"@id\":\"https:\/\/www.burscheidertg.de\/?page_id=308\",\"url\":\"https:\/\/www.burscheidertg.de\/?page_id=308\",\"name\":\"Links - Burscheider Turngemeinde 1867 e.V.\",\"isPartOf\":{\"@id\":\"https:\/\/www.burscheidertg.de\/#website\"},\"datePublished\":\"2013-03-19T06:11:15+00:00\",\"dateModified\":\"2026-03-16T09:21:31+00:00\",\"breadcrumb\":{\"@id\":\"https:\/\/www.burscheidertg.de\/?page_id=308#breadcrumb\"},\"inLanguage\":\"de\",\"potentialAction\":[{\"@type\":\"ReadAction\",\"target\":[\"https:\/\/www.burscheidertg.de\/?page_id=308\"]}]},{\"@type\":\"BreadcrumbList\",\"@id\":\"https:\/\/www.burscheidertg.de\/?page_id=308#breadcrumb\",\"itemListElement\":[{\"@type\":\"ListItem\",\"position\":1,\"name\":\"Home\",\"item\":\"https:\/\/www.burscheidertg.de\/\"},{\"@type\":\"ListItem\",\"position\":2,\"name\":\"Links\"}]},{\"@type\":\"WebSite\",\"@id\":\"https:\/\/www.burscheidertg.de\/#website\",\"url\":\"https:\/\/www.burscheidertg.de\/\",\"name\":\"Burscheider Turngemeinde 1867 e.V.\",\"description\":\"Gemeinsam Sport erleben\",\"publisher\":{\"@id\":\"https:\/\/www.burscheidertg.de\/#organization\"},\"potentialAction\":[{\"@type\":\"SearchAction\",\"target\":{\"@type\":\"EntryPoint\",\"urlTemplate\":\"https:\/\/www.burscheidertg.de\/?s={search_term_string}\"},\"query-input\":{\"@type\":\"PropertyValueSpecification\",\"valueRequired\":true,\"valueName\":\"search_term_string\"}}],\"inLanguage\":\"de\"},{\"@type\":\"Organization\",\"@id\":\"https:\/\/www.burscheidertg.de\/#organization\",\"name\":\"Burscheider Turngemeinde 1867 e.V.\",\"url\":\"https:\/\/www.burscheidertg.de\/\",\"logo\":{\"@type\":\"ImageObject\",\"inLanguage\":\"de\",\"@id\":\"https:\/\/www.burscheidertg.de\/#\/schema\/logo\/image\/\",\"url\":\"https:\/\/www.burscheidertg.de\/wp-content\/uploads\/cropped-cropped-cropped-logo-btg.jpg\",\"contentUrl\":\"https:\/\/www.burscheidertg.de\/wp-content\/uploads\/cropped-cropped-cropped-logo-btg.jpg\",\"width\":290,\"height\":167,\"caption\":\"Burscheider Turngemeinde 1867 e.V.\"},\"image\":{\"@id\":\"https:\/\/www.burscheidertg.de\/#\/schema\/logo\/image\/\"}}]}<\/script>\n<!-- \/ Yoast SEO plugin. -->","yoast_head_json":{"title":"Links - Burscheider Turngemeinde 1867 e.V.","robots":{"index":"index","follow":"follow","max-snippet":"max-snippet:-1","max-image-preview":"max-image-preview:large","max-video-preview":"max-video-preview:-1"},"canonical":"https:\/\/www.burscheidertg.de\/?page_id=308","og_locale":"de_DE","og_type":"article","og_title":"Links - Burscheider Turngemeinde 1867 e.V.","og_description":"Burscheider Sportvereine Turngemeinde Hilgen 04 e.V. www.tghilgen.de Ballspielverein 1911 Burscheid www.bvburscheid.de TB Gro\u00df\u00f6singhausen www.tboe1884.de DLRG Ortsgruppe Burscheid www.burscheid.dlrg.de\/ Burscheider Sch\u00fctzenverein 1864 www.bsv1864.de Hilgener Sch\u00fctzenverein www.hilgenersv.de Tennisclub Gr\u00fcn-Wei\u00df Burscheid www.tennisclubburscheid.de Tischtennisclub Burscheid www.ttc-burscheid.de Sportverb\u00e4nde Rheinischer Turnerbund www.rtb.de Deutscher Turner-Bund www.dtb.de Kreissportbund Rhein-Berg www.kreissportbund-rhein-berg.de Deutscher Olympischer Sportbund www.dosb.de Landessportbund NRW www.lsb.nrw Westdeutscher Handballverband www.westdeutscher-handball-verband.de Schwimmverband NRW www.swimpool.de...","og_url":"https:\/\/www.burscheidertg.de\/?page_id=308","og_site_name":"Burscheider Turngemeinde 1867 e.V.","article_modified_time":"2026-03-16T09:21:31+00:00","twitter_card":"summary_large_image","twitter_misc":{"Gesch\u00e4tzte Lesezeit":"1\u00a0Minute"},"schema":{"@context":"https:\/\/schema.org","@graph":[{"@type":"WebPage","@id":"https:\/\/www.burscheidertg.de\/?page_id=308","url":"https:\/\/www.burscheidertg.de\/?page_id=308","name":"Links - Burscheider Turngemeinde 1867 e.V.","isPartOf":{"@id":"https:\/\/www.burscheidertg.de\/#website"},"datePublished":"2013-03-19T06:11:15+00:00","dateModified":"2026-03-16T09:21:31+00:00","breadcrumb":{"@id":"https:\/\/www.burscheidertg.de\/?page_id=308#breadcrumb"},"inLanguage":"de","potentialAction":[{"@type":"ReadAction","target":["https:\/\/www.burscheidertg.de\/?page_id=308"]}]},{"@type":"BreadcrumbList","@id":"https:\/\/www.burscheidertg.de\/?page_id=308#breadcrumb","itemListElement":[{"@type":"ListItem","position":1,"name":"Home","item":"https:\/\/www.burscheidertg.de\/"},{"@type":"ListItem","position":2,"name":"Links"}]},{"@type":"WebSite","@id":"https:\/\/www.burscheidertg.de\/#website","url":"https:\/\/www.burscheidertg.de\/","name":"Burscheider Turngemeinde 1867 e.V.","description":"Gemeinsam Sport erleben","publisher":{"@id":"https:\/\/www.burscheidertg.de\/#organization"},"potentialAction":[{"@type":"SearchAction","target":{"@type":"EntryPoint","urlTemplate":"https:\/\/www.burscheidertg.de\/?s={search_term_string}"},"query-input":{"@type":"PropertyValueSpecification","valueRequired":true,"valueName":"search_term_string"}}],"inLanguage":"de"},{"@type":"Organization","@id":"https:\/\/www.burscheidertg.de\/#organization","name":"Burscheider Turngemeinde 1867 e.V.","url":"https:\/\/www.burscheidertg.de\/","logo":{"@type":"ImageObject","inLanguage":"de","@id":"https:\/\/www.burscheidertg.de\/#\/schema\/logo\/image\/","url":"https:\/\/www.burscheidertg.de\/wp-content\/uploads\/cropped-cropped-cropped-logo-btg.jpg","contentUrl":"https:\/\/www.burscheidertg.de\/wp-content\/uploads\/cropped-cropped-cropped-logo-btg.jpg","width":290,"height":167,"caption":"Burscheider Turngemeinde 1867 e.V."},"image":{"@id":"https:\/\/www.burscheidertg.de\/#\/schema\/logo\/image\/"}}]}},"_links":{"self":[{"href":"https:\/\/www.burscheidertg.de\/index.php?rest_route=\/wp\/v2\/pages\/308","targetHints":{"allow":["GET"]}}],"collection":[{"href":"https:\/\/www.burscheidertg.de\/index.php?rest_route=\/wp\/v2\/pages"}],"about":[{"href":"https:\/\/www.burscheidertg.de\/index.php?rest_route=\/wp\/v2\/types\/page"}],"author":[{"embeddable":true,"href":"https:\/\/www.burscheidertg.de\/index.php?rest_route=\/wp\/v2\/users\/1"}],"replies":[{"embeddable":true,"href":"https:\/\/www.burscheidertg.de\/index.php?rest_route=%2Fwp%2Fv2%2Fcomments&post=308"}],"version-history":[{"count":15,"href":"https:\/\/www.burscheidertg.de\/index.php?rest_route=\/wp\/v2\/pages\/308\/revisions"}],"predecessor-version":[{"id":9525,"href":"https:\/\/www.burscheidertg.de\/index.php?rest_route=\/wp\/v2\/pages\/308\/revisions\/9525"}],"wp:attachment":[{"href":"https:\/\/www.burscheidertg.de\/index.php?rest_route=%2Fwp%2Fv2%2Fmedia&parent=308"}],"curies":[{"name":"wp","href":"https:\/\/api.w.org\/{rel}","templated":true}]}}