{"id":2,"date":"2013-01-25T12:13:36","date_gmt":"2013-01-25T12:13:36","guid":{"rendered":"http:\/\/www.burscheidertg.de\/wordpress\/?page_id=2"},"modified":"2023-02-07T17:52:27","modified_gmt":"2023-02-07T16:52:27","slug":"beispiel-seite","status":"publish","type":"page","link":"https:\/\/www.burscheidertg.de\/?page_id=2","title":{"rendered":"Kontakt"},"content":{"rendered":"<table style=\"width: 100%;\" border=\"0\" cellspacing=\"5\" cellpadding=\"5\">\n<tbody>\n<tr>\n<td>\n<h2><strong>Gesch\u00e4ftsf\u00fchrerin<br \/>\nBeate Scheurlen<br \/>\n<\/strong><\/h2>\n<p>Verwaltung<br \/>\nOrganisation und Struktur<br \/>\nRecht, Steuern und Versicherungen<br \/>\nMarketing und \u00d6ffentlichkeitsarbeit<\/p>\n<p>\u00d6ffnungszeit: Donnerstag von 17.00 bis 18.30 Uhr<\/p>\n<p><strong>Burscheider Turngemeinde 1867 e.V.<\/strong><br \/>\nJahnstra\u00dfe 2<br \/>\n51399 Burscheid<\/p>\n<p><b>Postadresse:<\/b><\/p>\n<p>Postfach 1167<br \/>\n51387 Burscheid<\/p>\n<p>Telefon: 02174 \u2013 8105<br \/>\nTelefax: 02174 \u2013 749989<br \/>\nE-Mail: info@burscheidertg.de<\/p>\n<p class=\"adressbox\"><img loading=\"lazy\" decoding=\"async\" class=\"size-full wp-image-340 aligncenter\" src=\"http:\/\/www.burscheidertg.de\/wp-content\/uploads\/Beate-Scheurlen.jpg\" alt=\"Beate Scheurlen\" width=\"110\" height=\"146\" \/><\/p>\n<\/td>\n<td><\/td>\n<td>\n<h2><strong>Vereinssekret\u00e4rin<br \/>\nWaltraud Oerder<br \/>\n<\/strong><\/h2>\n<p>Mitglieder- und Kursverwaltung<br \/>\nallg. Verwaltung<br \/>\nMitgliederinformation<br \/>\nUnfallmeldungen<\/p>\n<p>\u00d6ffnungszeit: Dienstag von 17.00 bis 19.00 Uhr<\/p>\n<p><strong>Burscheider Turngemeinde 1867 e.V.<\/strong><br \/>\nJahnstra\u00dfe 2<br \/>\n51399 Burscheid<\/p>\n<p><b>Postadresse:<\/b><\/p>\n<p>Postfach 1167<br \/>\n51387 Burscheid<\/p>\n<p>Telefon: 02174 \u2013 8105<br \/>\nTelefax: 02174 \u2013 749989<br \/>\nE-Mail: info@burscheidertg.de<\/p>\n<p class=\"adressbox\"><img loading=\"lazy\" decoding=\"async\" class=\"size-full wp-image-341 aligncenter\" src=\"http:\/\/www.burscheidertg.de\/wp-content\/uploads\/Waltraud-Oerder.jpg\" alt=\"Waltraud Oerder\" width=\"110\" height=\"139\" \/><\/p>\n<\/td>\n<\/tr>\n<\/tbody>\n<\/table>\n","protected":false},"excerpt":{"rendered":"<p>Gesch\u00e4ftsf\u00fchrerin Beate Scheurlen Verwaltung Organisation und Struktur Recht, Steuern und Versicherungen Marketing und \u00d6ffentlichkeitsarbeit \u00d6ffnungszeit: Donnerstag von 17.00 bis 18.30 Uhr Burscheider Turngemeinde 1867 e.V. Jahnstra\u00dfe 2 51399 Burscheid Postadresse: Postfach 1167 51387 Burscheid Telefon: 02174 \u2013 8105 Telefax: 02174 \u2013 749989 E-Mail: info@burscheidertg.de Vereinssekret\u00e4rin Waltraud Oerder Mitglieder- und Kursverwaltung allg. Verwaltung Mitgliederinformation Unfallmeldungen \u00d6ffnungszeit:&#8230;<\/p>\n","protected":false},"author":1,"featured_media":3138,"parent":0,"menu_order":0,"comment_status":"open","ping_status":"open","template":"","meta":{"_kad_post_transparent":"","_kad_post_title":"","_kad_post_layout":"","_kad_post_sidebar_id":"","_kad_post_content_style":"","_kad_post_vertical_padding":"","_kad_post_feature":"","_kad_post_feature_position":"","_kad_post_header":false,"_kad_post_footer":false,"_kad_post_classname":"","footnotes":""},"class_list":["post-2","page","type-page","status-publish","has-post-thumbnail","hentry"],"yoast_head":"<!-- This site is optimized with the Yoast SEO plugin v27.1.1 - https:\/\/yoast.com\/product\/yoast-seo-wordpress\/ -->\n<title>Kontakt - Burscheider Turngemeinde 1867 e.V.<\/title>\n<meta name=\"robots\" content=\"index, follow, max-snippet:-1, max-image-preview:large, max-video-preview:-1\" \/>\n<link rel=\"canonical\" href=\"https:\/\/www.burscheidertg.de\/?page_id=2\" \/>\n<meta property=\"og:locale\" content=\"de_DE\" \/>\n<meta property=\"og:type\" content=\"article\" \/>\n<meta property=\"og:title\" content=\"Kontakt - Burscheider Turngemeinde 1867 e.V.\" \/>\n<meta property=\"og:description\" content=\"Gesch\u00e4ftsf\u00fchrerin Beate Scheurlen Verwaltung Organisation und Struktur Recht, Steuern und Versicherungen Marketing und \u00d6ffentlichkeitsarbeit \u00d6ffnungszeit: Donnerstag von 17.00 bis 18.30 Uhr Burscheider Turngemeinde 1867 e.V. Jahnstra\u00dfe 2 51399 Burscheid Postadresse: Postfach 1167 51387 Burscheid Telefon: 02174 \u2013 8105 Telefax: 02174 \u2013 749989 E-Mail: info@burscheidertg.de Vereinssekret\u00e4rin Waltraud Oerder Mitglieder- und Kursverwaltung allg. Verwaltung Mitgliederinformation Unfallmeldungen \u00d6ffnungszeit:...\" \/>\n<meta property=\"og:url\" content=\"https:\/\/www.burscheidertg.de\/?page_id=2\" \/>\n<meta property=\"og:site_name\" content=\"Burscheider Turngemeinde 1867 e.V.\" \/>\n<meta property=\"article:modified_time\" content=\"2023-02-07T16:52:27+00:00\" \/>\n<meta property=\"og:image\" content=\"https:\/\/www.burscheidertg.de\/wp-content\/uploads\/AdobeStock_282610703_Schwimmen-scaled.jpeg\" \/>\n\t<meta property=\"og:image:width\" content=\"2560\" \/>\n\t<meta property=\"og:image:height\" content=\"1706\" \/>\n\t<meta property=\"og:image:type\" content=\"image\/jpeg\" \/>\n<meta name=\"twitter:card\" content=\"summary_large_image\" \/>\n<script type=\"application\/ld+json\" class=\"yoast-schema-graph\">{\"@context\":\"https:\/\/schema.org\",\"@graph\":[{\"@type\":\"WebPage\",\"@id\":\"https:\/\/www.burscheidertg.de\/?page_id=2\",\"url\":\"https:\/\/www.burscheidertg.de\/?page_id=2\",\"name\":\"Kontakt - Burscheider Turngemeinde 1867 e.V.\",\"isPartOf\":{\"@id\":\"https:\/\/www.burscheidertg.de\/#website\"},\"primaryImageOfPage\":{\"@id\":\"https:\/\/www.burscheidertg.de\/?page_id=2#primaryimage\"},\"image\":{\"@id\":\"https:\/\/www.burscheidertg.de\/?page_id=2#primaryimage\"},\"thumbnailUrl\":\"https:\/\/www.burscheidertg.de\/wp-content\/uploads\/AdobeStock_282610703_Schwimmen-scaled.jpeg\",\"datePublished\":\"2013-01-25T12:13:36+00:00\",\"dateModified\":\"2023-02-07T16:52:27+00:00\",\"breadcrumb\":{\"@id\":\"https:\/\/www.burscheidertg.de\/?page_id=2#breadcrumb\"},\"inLanguage\":\"de\",\"potentialAction\":[{\"@type\":\"ReadAction\",\"target\":[\"https:\/\/www.burscheidertg.de\/?page_id=2\"]}]},{\"@type\":\"ImageObject\",\"inLanguage\":\"de\",\"@id\":\"https:\/\/www.burscheidertg.de\/?page_id=2#primaryimage\",\"url\":\"https:\/\/www.burscheidertg.de\/wp-content\/uploads\/AdobeStock_282610703_Schwimmen-scaled.jpeg\",\"contentUrl\":\"https:\/\/www.burscheidertg.de\/wp-content\/uploads\/AdobeStock_282610703_Schwimmen-scaled.jpeg\",\"width\":2560,\"height\":1706,\"caption\":\"Female Coach In Water Giving Group Of Children Swimming Lesson In Indoor Pool\"},{\"@type\":\"BreadcrumbList\",\"@id\":\"https:\/\/www.burscheidertg.de\/?page_id=2#breadcrumb\",\"itemListElement\":[{\"@type\":\"ListItem\",\"position\":1,\"name\":\"Home\",\"item\":\"https:\/\/www.burscheidertg.de\/\"},{\"@type\":\"ListItem\",\"position\":2,\"name\":\"Kontakt\"}]},{\"@type\":\"WebSite\",\"@id\":\"https:\/\/www.burscheidertg.de\/#website\",\"url\":\"https:\/\/www.burscheidertg.de\/\",\"name\":\"Burscheider Turngemeinde 1867 e.V.\",\"description\":\"Gemeinsam Sport erleben\",\"publisher\":{\"@id\":\"https:\/\/www.burscheidertg.de\/#organization\"},\"potentialAction\":[{\"@type\":\"SearchAction\",\"target\":{\"@type\":\"EntryPoint\",\"urlTemplate\":\"https:\/\/www.burscheidertg.de\/?s={search_term_string}\"},\"query-input\":{\"@type\":\"PropertyValueSpecification\",\"valueRequired\":true,\"valueName\":\"search_term_string\"}}],\"inLanguage\":\"de\"},{\"@type\":\"Organization\",\"@id\":\"https:\/\/www.burscheidertg.de\/#organization\",\"name\":\"Burscheider Turngemeinde 1867 e.V.\",\"url\":\"https:\/\/www.burscheidertg.de\/\",\"logo\":{\"@type\":\"ImageObject\",\"inLanguage\":\"de\",\"@id\":\"https:\/\/www.burscheidertg.de\/#\/schema\/logo\/image\/\",\"url\":\"https:\/\/www.burscheidertg.de\/wp-content\/uploads\/cropped-cropped-cropped-logo-btg.jpg\",\"contentUrl\":\"https:\/\/www.burscheidertg.de\/wp-content\/uploads\/cropped-cropped-cropped-logo-btg.jpg\",\"width\":290,\"height\":167,\"caption\":\"Burscheider Turngemeinde 1867 e.V.\"},\"image\":{\"@id\":\"https:\/\/www.burscheidertg.de\/#\/schema\/logo\/image\/\"}}]}<\/script>\n<!-- \/ Yoast SEO plugin. -->","yoast_head_json":{"title":"Kontakt - Burscheider Turngemeinde 1867 e.V.","robots":{"index":"index","follow":"follow","max-snippet":"max-snippet:-1","max-image-preview":"max-image-preview:large","max-video-preview":"max-video-preview:-1"},"canonical":"https:\/\/www.burscheidertg.de\/?page_id=2","og_locale":"de_DE","og_type":"article","og_title":"Kontakt - Burscheider Turngemeinde 1867 e.V.","og_description":"Gesch\u00e4ftsf\u00fchrerin Beate Scheurlen Verwaltung Organisation und Struktur Recht, Steuern und Versicherungen Marketing und \u00d6ffentlichkeitsarbeit \u00d6ffnungszeit: Donnerstag von 17.00 bis 18.30 Uhr Burscheider Turngemeinde 1867 e.V. Jahnstra\u00dfe 2 51399 Burscheid Postadresse: Postfach 1167 51387 Burscheid Telefon: 02174 \u2013 8105 Telefax: 02174 \u2013 749989 E-Mail: info@burscheidertg.de Vereinssekret\u00e4rin Waltraud Oerder Mitglieder- und Kursverwaltung allg. Verwaltung Mitgliederinformation Unfallmeldungen \u00d6ffnungszeit:...","og_url":"https:\/\/www.burscheidertg.de\/?page_id=2","og_site_name":"Burscheider Turngemeinde 1867 e.V.","article_modified_time":"2023-02-07T16:52:27+00:00","og_image":[{"width":2560,"height":1706,"url":"https:\/\/www.burscheidertg.de\/wp-content\/uploads\/AdobeStock_282610703_Schwimmen-scaled.jpeg","type":"image\/jpeg"}],"twitter_card":"summary_large_image","schema":{"@context":"https:\/\/schema.org","@graph":[{"@type":"WebPage","@id":"https:\/\/www.burscheidertg.de\/?page_id=2","url":"https:\/\/www.burscheidertg.de\/?page_id=2","name":"Kontakt - Burscheider Turngemeinde 1867 e.V.","isPartOf":{"@id":"https:\/\/www.burscheidertg.de\/#website"},"primaryImageOfPage":{"@id":"https:\/\/www.burscheidertg.de\/?page_id=2#primaryimage"},"image":{"@id":"https:\/\/www.burscheidertg.de\/?page_id=2#primaryimage"},"thumbnailUrl":"https:\/\/www.burscheidertg.de\/wp-content\/uploads\/AdobeStock_282610703_Schwimmen-scaled.jpeg","datePublished":"2013-01-25T12:13:36+00:00","dateModified":"2023-02-07T16:52:27+00:00","breadcrumb":{"@id":"https:\/\/www.burscheidertg.de\/?page_id=2#breadcrumb"},"inLanguage":"de","potentialAction":[{"@type":"ReadAction","target":["https:\/\/www.burscheidertg.de\/?page_id=2"]}]},{"@type":"ImageObject","inLanguage":"de","@id":"https:\/\/www.burscheidertg.de\/?page_id=2#primaryimage","url":"https:\/\/www.burscheidertg.de\/wp-content\/uploads\/AdobeStock_282610703_Schwimmen-scaled.jpeg","contentUrl":"https:\/\/www.burscheidertg.de\/wp-content\/uploads\/AdobeStock_282610703_Schwimmen-scaled.jpeg","width":2560,"height":1706,"caption":"Female Coach In Water Giving Group Of Children Swimming Lesson In Indoor Pool"},{"@type":"BreadcrumbList","@id":"https:\/\/www.burscheidertg.de\/?page_id=2#breadcrumb","itemListElement":[{"@type":"ListItem","position":1,"name":"Home","item":"https:\/\/www.burscheidertg.de\/"},{"@type":"ListItem","position":2,"name":"Kontakt"}]},{"@type":"WebSite","@id":"https:\/\/www.burscheidertg.de\/#website","url":"https:\/\/www.burscheidertg.de\/","name":"Burscheider Turngemeinde 1867 e.V.","description":"Gemeinsam Sport erleben","publisher":{"@id":"https:\/\/www.burscheidertg.de\/#organization"},"potentialAction":[{"@type":"SearchAction","target":{"@type":"EntryPoint","urlTemplate":"https:\/\/www.burscheidertg.de\/?s={search_term_string}"},"query-input":{"@type":"PropertyValueSpecification","valueRequired":true,"valueName":"search_term_string"}}],"inLanguage":"de"},{"@type":"Organization","@id":"https:\/\/www.burscheidertg.de\/#organization","name":"Burscheider Turngemeinde 1867 e.V.","url":"https:\/\/www.burscheidertg.de\/","logo":{"@type":"ImageObject","inLanguage":"de","@id":"https:\/\/www.burscheidertg.de\/#\/schema\/logo\/image\/","url":"https:\/\/www.burscheidertg.de\/wp-content\/uploads\/cropped-cropped-cropped-logo-btg.jpg","contentUrl":"https:\/\/www.burscheidertg.de\/wp-content\/uploads\/cropped-cropped-cropped-logo-btg.jpg","width":290,"height":167,"caption":"Burscheider Turngemeinde 1867 e.V."},"image":{"@id":"https:\/\/www.burscheidertg.de\/#\/schema\/logo\/image\/"}}]}},"_links":{"self":[{"href":"https:\/\/www.burscheidertg.de\/index.php?rest_route=\/wp\/v2\/pages\/2","targetHints":{"allow":["GET"]}}],"collection":[{"href":"https:\/\/www.burscheidertg.de\/index.php?rest_route=\/wp\/v2\/pages"}],"about":[{"href":"https:\/\/www.burscheidertg.de\/index.php?rest_route=\/wp\/v2\/types\/page"}],"author":[{"embeddable":true,"href":"https:\/\/www.burscheidertg.de\/index.php?rest_route=\/wp\/v2\/users\/1"}],"replies":[{"embeddable":true,"href":"https:\/\/www.burscheidertg.de\/index.php?rest_route=%2Fwp%2Fv2%2Fcomments&post=2"}],"version-history":[{"count":0,"href":"https:\/\/www.burscheidertg.de\/index.php?rest_route=\/wp\/v2\/pages\/2\/revisions"}],"wp:featuredmedia":[{"embeddable":true,"href":"https:\/\/www.burscheidertg.de\/index.php?rest_route=\/wp\/v2\/media\/3138"}],"wp:attachment":[{"href":"https:\/\/www.burscheidertg.de\/index.php?rest_route=%2Fwp%2Fv2%2Fmedia&parent=2"}],"curies":[{"name":"wp","href":"https:\/\/api.w.org\/{rel}","templated":true}]}}