{"id":190,"date":"2013-03-01T22:20:46","date_gmt":"2013-03-01T20:20:46","guid":{"rendered":"http:\/\/www.burscheidertg.de\/wordpress\/?page_id=190"},"modified":"2024-01-15T19:34:17","modified_gmt":"2024-01-15T18:34:17","slug":"home","status":"publish","type":"page","link":"https:\/\/www.burscheidertg.de\/","title":{"rendered":"Burscheider Turngemeinde 1867 e.V."},"content":{"rendered":"<h2>Herzlich Willkommen bei der Burscheider Turngemeinde,<\/h2>\n<p>Auf den folgenden Seiten informieren wir Sie \u00fcber unseren Verein mit seinen verschiedenen Abteilungen, Kursen und Sportangeboten.<\/p>\n<p>Viel Spa\u00df beim Durchst\u00f6bern.<\/p>\n<p><img loading=\"lazy\" decoding=\"async\" class=\"alignnone wp-image-210 size-full\" src=\"https:\/\/www.burscheidertg.de\/wp-content\/uploads\/322808_350673341692127_2097628575_o.jpg\" alt=\"BTG\" width=\"2048\" height=\"933\" srcset=\"https:\/\/www.burscheidertg.de\/wp-content\/uploads\/322808_350673341692127_2097628575_o.jpg 2048w, https:\/\/www.burscheidertg.de\/wp-content\/uploads\/322808_350673341692127_2097628575_o-360x164.jpg 360w, https:\/\/www.burscheidertg.de\/wp-content\/uploads\/322808_350673341692127_2097628575_o-718x327.jpg 718w\" sizes=\"auto, (max-width: 2048px) 100vw, 2048px\" \/><\/p>\n\n<ul class=\"wp-block-latest-posts__list is-grid columns-3 wp-block-latest-posts\"><li><a class=\"wp-block-latest-posts__post-title\" href=\"https:\/\/www.burscheidertg.de\/?p=9616\">Carsten Holst erh\u00e4lt Jugendbetreuermedaille<\/a><\/li>\n<li><a class=\"wp-block-latest-posts__post-title\" href=\"https:\/\/www.burscheidertg.de\/?p=9611\">BTG-Mitgliederversammlung<\/a><\/li>\n<li><a class=\"wp-block-latest-posts__post-title\" href=\"https:\/\/www.burscheidertg.de\/?p=9562\">Kinderturn-News<\/a><\/li>\n<li><a class=\"wp-block-latest-posts__post-title\" href=\"https:\/\/www.burscheidertg.de\/?p=9550\">Aktuelles aus der Gymwelt<\/a><\/li>\n<li><a class=\"wp-block-latest-posts__post-title\" href=\"https:\/\/www.burscheidertg.de\/?p=9547\">Aktuelles aus der Judo-Abteilung<\/a><\/li>\n<\/ul>","protected":false},"excerpt":{"rendered":"<p>Herzlich Willkommen bei der Burscheider Turngemeinde, Auf den folgenden Seiten informieren wir Sie \u00fcber unseren Verein mit seinen verschiedenen Abteilungen, Kursen und Sportangeboten. Viel Spa\u00df beim Durchst\u00f6bern.<\/p>\n","protected":false},"author":1,"featured_media":0,"parent":0,"menu_order":0,"comment_status":"closed","ping_status":"closed","template":"pagemitslideshow.php","meta":{"_kad_post_transparent":"","_kad_post_title":"","_kad_post_layout":"","_kad_post_sidebar_id":"","_kad_post_content_style":"","_kad_post_vertical_padding":"","_kad_post_feature":"","_kad_post_feature_position":"","_kad_post_header":false,"_kad_post_footer":false,"_kad_post_classname":"","footnotes":""},"class_list":["post-190","page","type-page","status-publish","hentry"],"yoast_head":"<!-- This site is optimized with the Yoast SEO plugin v27.1.1 - https:\/\/yoast.com\/product\/yoast-seo-wordpress\/ -->\n<title>Burscheider Turngemeinde 1867 e.V. - Burscheider Turngemeinde 1867 e.V.<\/title>\n<meta name=\"robots\" content=\"index, follow, max-snippet:-1, max-image-preview:large, max-video-preview:-1\" \/>\n<link rel=\"canonical\" href=\"https:\/\/www.burscheidertg.de\/\" \/>\n<meta property=\"og:locale\" content=\"de_DE\" \/>\n<meta property=\"og:type\" content=\"article\" \/>\n<meta property=\"og:title\" content=\"Burscheider Turngemeinde 1867 e.V. - Burscheider Turngemeinde 1867 e.V.\" \/>\n<meta property=\"og:description\" content=\"Herzlich Willkommen bei der Burscheider Turngemeinde, Auf den folgenden Seiten informieren wir Sie \u00fcber unseren Verein mit seinen verschiedenen Abteilungen, Kursen und Sportangeboten. Viel Spa\u00df beim Durchst\u00f6bern.\" \/>\n<meta property=\"og:url\" content=\"https:\/\/www.burscheidertg.de\/\" \/>\n<meta property=\"og:site_name\" content=\"Burscheider Turngemeinde 1867 e.V.\" \/>\n<meta property=\"article:modified_time\" content=\"2024-01-15T18:34:17+00:00\" \/>\n<meta property=\"og:image\" content=\"https:\/\/www.burscheidertg.de\/wp-content\/uploads\/322808_350673341692127_2097628575_o.jpg\" \/>\n\t<meta property=\"og:image:width\" content=\"2048\" \/>\n\t<meta property=\"og:image:height\" content=\"933\" \/>\n\t<meta property=\"og:image:type\" content=\"image\/jpeg\" \/>\n<meta name=\"twitter:card\" content=\"summary_large_image\" \/>\n<script type=\"application\/ld+json\" class=\"yoast-schema-graph\">{\"@context\":\"https:\/\/schema.org\",\"@graph\":[{\"@type\":\"WebPage\",\"@id\":\"https:\/\/www.burscheidertg.de\/\",\"url\":\"https:\/\/www.burscheidertg.de\/\",\"name\":\"Burscheider Turngemeinde 1867 e.V. - Burscheider Turngemeinde 1867 e.V.\",\"isPartOf\":{\"@id\":\"https:\/\/www.burscheidertg.de\/#website\"},\"primaryImageOfPage\":{\"@id\":\"https:\/\/www.burscheidertg.de\/#primaryimage\"},\"image\":{\"@id\":\"https:\/\/www.burscheidertg.de\/#primaryimage\"},\"thumbnailUrl\":\"https:\/\/www.burscheidertg.de\/wp-content\/uploads\/322808_350673341692127_2097628575_o.jpg\",\"datePublished\":\"2013-03-01T20:20:46+00:00\",\"dateModified\":\"2024-01-15T18:34:17+00:00\",\"breadcrumb\":{\"@id\":\"https:\/\/www.burscheidertg.de\/#breadcrumb\"},\"inLanguage\":\"de\",\"potentialAction\":[{\"@type\":\"ReadAction\",\"target\":[\"https:\/\/www.burscheidertg.de\/\"]}]},{\"@type\":\"ImageObject\",\"inLanguage\":\"de\",\"@id\":\"https:\/\/www.burscheidertg.de\/#primaryimage\",\"url\":\"https:\/\/www.burscheidertg.de\/wp-content\/uploads\/322808_350673341692127_2097628575_o.jpg\",\"contentUrl\":\"https:\/\/www.burscheidertg.de\/wp-content\/uploads\/322808_350673341692127_2097628575_o.jpg\",\"width\":2048,\"height\":933,\"caption\":\"BTG\"},{\"@type\":\"BreadcrumbList\",\"@id\":\"https:\/\/www.burscheidertg.de\/#breadcrumb\",\"itemListElement\":[{\"@type\":\"ListItem\",\"position\":1,\"name\":\"Home\",\"item\":\"https:\/\/www.burscheidertg.de\/\"},{\"@type\":\"ListItem\",\"position\":2,\"name\":\"Burscheider Turngemeinde 1867 e.V.\"}]},{\"@type\":\"WebSite\",\"@id\":\"https:\/\/www.burscheidertg.de\/#website\",\"url\":\"https:\/\/www.burscheidertg.de\/\",\"name\":\"Burscheider Turngemeinde 1867 e.V.\",\"description\":\"Gemeinsam Sport erleben\",\"publisher\":{\"@id\":\"https:\/\/www.burscheidertg.de\/#organization\"},\"potentialAction\":[{\"@type\":\"SearchAction\",\"target\":{\"@type\":\"EntryPoint\",\"urlTemplate\":\"https:\/\/www.burscheidertg.de\/?s={search_term_string}\"},\"query-input\":{\"@type\":\"PropertyValueSpecification\",\"valueRequired\":true,\"valueName\":\"search_term_string\"}}],\"inLanguage\":\"de\"},{\"@type\":\"Organization\",\"@id\":\"https:\/\/www.burscheidertg.de\/#organization\",\"name\":\"Burscheider Turngemeinde 1867 e.V.\",\"url\":\"https:\/\/www.burscheidertg.de\/\",\"logo\":{\"@type\":\"ImageObject\",\"inLanguage\":\"de\",\"@id\":\"https:\/\/www.burscheidertg.de\/#\/schema\/logo\/image\/\",\"url\":\"https:\/\/www.burscheidertg.de\/wp-content\/uploads\/cropped-cropped-cropped-logo-btg.jpg\",\"contentUrl\":\"https:\/\/www.burscheidertg.de\/wp-content\/uploads\/cropped-cropped-cropped-logo-btg.jpg\",\"width\":290,\"height\":167,\"caption\":\"Burscheider Turngemeinde 1867 e.V.\"},\"image\":{\"@id\":\"https:\/\/www.burscheidertg.de\/#\/schema\/logo\/image\/\"}}]}<\/script>\n<!-- \/ Yoast SEO plugin. -->","yoast_head_json":{"title":"Burscheider Turngemeinde 1867 e.V. - Burscheider Turngemeinde 1867 e.V.","robots":{"index":"index","follow":"follow","max-snippet":"max-snippet:-1","max-image-preview":"max-image-preview:large","max-video-preview":"max-video-preview:-1"},"canonical":"https:\/\/www.burscheidertg.de\/","og_locale":"de_DE","og_type":"article","og_title":"Burscheider Turngemeinde 1867 e.V. - Burscheider Turngemeinde 1867 e.V.","og_description":"Herzlich Willkommen bei der Burscheider Turngemeinde, Auf den folgenden Seiten informieren wir Sie \u00fcber unseren Verein mit seinen verschiedenen Abteilungen, Kursen und Sportangeboten. Viel Spa\u00df beim Durchst\u00f6bern.","og_url":"https:\/\/www.burscheidertg.de\/","og_site_name":"Burscheider Turngemeinde 1867 e.V.","article_modified_time":"2024-01-15T18:34:17+00:00","og_image":[{"width":2048,"height":933,"url":"https:\/\/www.burscheidertg.de\/wp-content\/uploads\/322808_350673341692127_2097628575_o.jpg","type":"image\/jpeg"}],"twitter_card":"summary_large_image","schema":{"@context":"https:\/\/schema.org","@graph":[{"@type":"WebPage","@id":"https:\/\/www.burscheidertg.de\/","url":"https:\/\/www.burscheidertg.de\/","name":"Burscheider Turngemeinde 1867 e.V. - Burscheider Turngemeinde 1867 e.V.","isPartOf":{"@id":"https:\/\/www.burscheidertg.de\/#website"},"primaryImageOfPage":{"@id":"https:\/\/www.burscheidertg.de\/#primaryimage"},"image":{"@id":"https:\/\/www.burscheidertg.de\/#primaryimage"},"thumbnailUrl":"https:\/\/www.burscheidertg.de\/wp-content\/uploads\/322808_350673341692127_2097628575_o.jpg","datePublished":"2013-03-01T20:20:46+00:00","dateModified":"2024-01-15T18:34:17+00:00","breadcrumb":{"@id":"https:\/\/www.burscheidertg.de\/#breadcrumb"},"inLanguage":"de","potentialAction":[{"@type":"ReadAction","target":["https:\/\/www.burscheidertg.de\/"]}]},{"@type":"ImageObject","inLanguage":"de","@id":"https:\/\/www.burscheidertg.de\/#primaryimage","url":"https:\/\/www.burscheidertg.de\/wp-content\/uploads\/322808_350673341692127_2097628575_o.jpg","contentUrl":"https:\/\/www.burscheidertg.de\/wp-content\/uploads\/322808_350673341692127_2097628575_o.jpg","width":2048,"height":933,"caption":"BTG"},{"@type":"BreadcrumbList","@id":"https:\/\/www.burscheidertg.de\/#breadcrumb","itemListElement":[{"@type":"ListItem","position":1,"name":"Home","item":"https:\/\/www.burscheidertg.de\/"},{"@type":"ListItem","position":2,"name":"Burscheider Turngemeinde 1867 e.V."}]},{"@type":"WebSite","@id":"https:\/\/www.burscheidertg.de\/#website","url":"https:\/\/www.burscheidertg.de\/","name":"Burscheider Turngemeinde 1867 e.V.","description":"Gemeinsam Sport erleben","publisher":{"@id":"https:\/\/www.burscheidertg.de\/#organization"},"potentialAction":[{"@type":"SearchAction","target":{"@type":"EntryPoint","urlTemplate":"https:\/\/www.burscheidertg.de\/?s={search_term_string}"},"query-input":{"@type":"PropertyValueSpecification","valueRequired":true,"valueName":"search_term_string"}}],"inLanguage":"de"},{"@type":"Organization","@id":"https:\/\/www.burscheidertg.de\/#organization","name":"Burscheider Turngemeinde 1867 e.V.","url":"https:\/\/www.burscheidertg.de\/","logo":{"@type":"ImageObject","inLanguage":"de","@id":"https:\/\/www.burscheidertg.de\/#\/schema\/logo\/image\/","url":"https:\/\/www.burscheidertg.de\/wp-content\/uploads\/cropped-cropped-cropped-logo-btg.jpg","contentUrl":"https:\/\/www.burscheidertg.de\/wp-content\/uploads\/cropped-cropped-cropped-logo-btg.jpg","width":290,"height":167,"caption":"Burscheider Turngemeinde 1867 e.V."},"image":{"@id":"https:\/\/www.burscheidertg.de\/#\/schema\/logo\/image\/"}}]}},"_links":{"self":[{"href":"https:\/\/www.burscheidertg.de\/index.php?rest_route=\/wp\/v2\/pages\/190","targetHints":{"allow":["GET"]}}],"collection":[{"href":"https:\/\/www.burscheidertg.de\/index.php?rest_route=\/wp\/v2\/pages"}],"about":[{"href":"https:\/\/www.burscheidertg.de\/index.php?rest_route=\/wp\/v2\/types\/page"}],"author":[{"embeddable":true,"href":"https:\/\/www.burscheidertg.de\/index.php?rest_route=\/wp\/v2\/users\/1"}],"replies":[{"embeddable":true,"href":"https:\/\/www.burscheidertg.de\/index.php?rest_route=%2Fwp%2Fv2%2Fcomments&post=190"}],"version-history":[{"count":0,"href":"https:\/\/www.burscheidertg.de\/index.php?rest_route=\/wp\/v2\/pages\/190\/revisions"}],"wp:attachment":[{"href":"https:\/\/www.burscheidertg.de\/index.php?rest_route=%2Fwp%2Fv2%2Fmedia&parent=190"}],"curies":[{"name":"wp","href":"https:\/\/api.w.org\/{rel}","templated":true}]}}