{"id":11,"date":"2013-02-23T12:20:44","date_gmt":"2013-02-23T10:20:44","guid":{"rendered":"http:\/\/www.burscheidertg.de\/wordpress\/?page_id=11"},"modified":"2018-07-26T18:51:48","modified_gmt":"2018-07-26T16:51:48","slug":"sportstatten","status":"publish","type":"page","link":"https:\/\/www.burscheidertg.de\/?page_id=11","title":{"rendered":"Sportst\u00e4tten"},"content":{"rendered":"<h2>Hugo-Pulvermacher-Halle<\/h2>\n<p><a href=\"http:\/\/www.burscheidertg.de\/wp-content\/uploads\/010_k.jpg\"><img loading=\"lazy\" decoding=\"async\" class=\"size-full wp-image-576 alignnone\" alt=\"010_k\" src=\"http:\/\/www.burscheidertg.de\/wp-content\/uploads\/010_k.jpg\" width=\"370\" height=\"278\" \/><\/a><\/p>\n<p>Die &#8222;Zentrale&#8220; der BTG &#8211; die vereinseigene Turnhalle an der Jahnstra\u00dfe in Burscheid; benannt nach dem Ehrenb\u00fcrger und ehemaligen Vorsitzenden Hugo Pulvermacher.<\/p>\n<p>&nbsp;<\/p>\n<h2>Beachsportanlage<\/h2>\n<p><img loading=\"lazy\" decoding=\"async\" class=\"alignnone size-medium wp-image-343\" alt=\"Beachsportanlage\" src=\"http:\/\/www.burscheidertg.de\/wp-content\/uploads\/Beachsportanlage-370x267.jpg\" width=\"370\" height=\"267\" srcset=\"https:\/\/www.burscheidertg.de\/wp-content\/uploads\/Beachsportanlage-370x267.jpg 370w, https:\/\/www.burscheidertg.de\/wp-content\/uploads\/Beachsportanlage.jpg 450w\" sizes=\"auto, (max-width: 370px) 100vw, 370px\" \/><\/p>\n<p>Seit 2006 gibt es den &#8222;Burscheider Strand&#8220; an der Schulsportanlage im Hagen &#8211; unsere Beachsportanlage, auf der Beachvolley und -basketball parallel gespielt werden k\u00f6nnen.<\/p>\n<p>&nbsp;<\/p>\n<h2>Halle auf dem Schulberg<\/h2>\n<p><a href=\"http:\/\/www.burscheidertg.de\/wp-content\/uploads\/DSCF1817_k.jpg\"><img loading=\"lazy\" decoding=\"async\" class=\"size-full wp-image-567 alignnone\" alt=\"DSCF1817_k\" src=\"http:\/\/www.burscheidertg.de\/wp-content\/uploads\/DSCF1817_k.jpg\" width=\"370\" height=\"278\" \/><\/a><\/p>\n<p>\u00a0In der 3-fach Halle auf dem Schulberg l\u00e4uft vor allem der Trainingsbetrieb Handball-, Basketball- und Volleyballabteilung. Au\u00dferdem ist auch die Kegelbahn f\u00fcr die Sportkegler in der st\u00e4dtischen Halle untergebracht.<\/p>\n<p>&nbsp;<\/p>\n<h2>Hans-Hoersch-Halle<\/h2>\n<p><a href=\"http:\/\/www.burscheidertg.de\/wp-content\/uploads\/DSCF1824_k.jpg\"><img loading=\"lazy\" decoding=\"async\" class=\"size-full wp-image-569 alignnone\" alt=\"DSCF1824_k\" src=\"http:\/\/www.burscheidertg.de\/wp-content\/uploads\/DSCF1824_k.jpg\" width=\"370\" height=\"278\" \/><\/a><\/p>\n<p>In der Hans-Hoersch-Halle (Stadt Burscheid) finden verschiedene Kurse statt.<\/p>\n<p>&nbsp;<\/p>\n<h2><span style=\"font-size: large;\">Dojo an der H\u00f6hestra\u00dfe<\/span><\/h2>\n<p><a href=\"http:\/\/www.burscheidertg.de\/wp-content\/uploads\/DSCF1819_k.jpg\"><img loading=\"lazy\" decoding=\"async\" class=\"size-full wp-image-568 alignnone\" alt=\"DSCF1819_k\" src=\"http:\/\/www.burscheidertg.de\/wp-content\/uploads\/DSCF1819_k.jpg\" width=\"370\" height=\"278\" \/><\/a><\/p>\n<p>Im Dojo an der H\u00f6hestra\u00dfe haben die BTG-Judokas ihre neue Heimat gefunden und haben 2 alte Klassenr\u00e4ume in Eigenleistung in einen Judotrainingsraum verwandelt.<\/p>\n<p>&nbsp;<\/p>\n<h2>Karl-Zimmer-Halle<\/h2>\n<p>Die st\u00e4dtische Karl-Zimmer-Halle\u00a0 steht uns f\u00fcr die Fitnessport-Angebote zur Verf\u00fcgung.<\/p>\n<h2>Burscheider Bad<\/h2>\n<p><a href=\"http:\/\/www.burscheidertg.de\/wp-content\/uploads\/DSCF1827_k.jpg\"><img loading=\"lazy\" decoding=\"async\" class=\"size-full wp-image-591 alignnone\" alt=\"DSCF1827_k\" src=\"http:\/\/www.burscheidertg.de\/wp-content\/uploads\/DSCF1827_k.jpg\" width=\"370\" height=\"278\" \/><\/a><\/p>\n<p>Im Lehrschwimmbecken des Burscheider Bades ist die zweitgr\u00f6\u00dfte Abteilung der BTG zu Hause und trainiert an drei Tagen in der Woche f\u00fcr Schwimmabzeichen und die k\u00f6rperliche Fitness.<\/p>\n","protected":false},"excerpt":{"rendered":"<p>Hugo-Pulvermacher-Halle Die &#8222;Zentrale&#8220; der BTG &#8211; die vereinseigene Turnhalle an der Jahnstra\u00dfe in Burscheid; benannt nach dem Ehrenb\u00fcrger und ehemaligen Vorsitzenden Hugo Pulvermacher. &nbsp; Beachsportanlage Seit 2006 gibt es den &#8222;Burscheider Strand&#8220; an der Schulsportanlage im Hagen &#8211; unsere Beachsportanlage, auf der Beachvolley und -basketball parallel gespielt werden k\u00f6nnen. &nbsp; Halle auf dem Schulberg \u00a0In&#8230;<\/p>\n","protected":false},"author":1,"featured_media":0,"parent":8,"menu_order":0,"comment_status":"closed","ping_status":"open","template":"","meta":{"_kad_post_transparent":"","_kad_post_title":"","_kad_post_layout":"","_kad_post_sidebar_id":"","_kad_post_content_style":"","_kad_post_vertical_padding":"","_kad_post_feature":"","_kad_post_feature_position":"","_kad_post_header":false,"_kad_post_footer":false,"_kad_post_classname":"","footnotes":""},"class_list":["post-11","page","type-page","status-publish","hentry"],"yoast_head":"<!-- This site is optimized with the Yoast SEO plugin v27.1.1 - https:\/\/yoast.com\/product\/yoast-seo-wordpress\/ -->\n<title>Sportst\u00e4tten - Burscheider Turngemeinde 1867 e.V.<\/title>\n<meta name=\"robots\" content=\"index, follow, max-snippet:-1, max-image-preview:large, max-video-preview:-1\" \/>\n<link rel=\"canonical\" href=\"https:\/\/www.burscheidertg.de\/?page_id=11\" \/>\n<meta property=\"og:locale\" content=\"de_DE\" \/>\n<meta property=\"og:type\" content=\"article\" \/>\n<meta property=\"og:title\" content=\"Sportst\u00e4tten - Burscheider Turngemeinde 1867 e.V.\" \/>\n<meta property=\"og:description\" content=\"Hugo-Pulvermacher-Halle Die &#8222;Zentrale&#8220; der BTG &#8211; die vereinseigene Turnhalle an der Jahnstra\u00dfe in Burscheid; benannt nach dem Ehrenb\u00fcrger und ehemaligen Vorsitzenden Hugo Pulvermacher. &nbsp; Beachsportanlage Seit 2006 gibt es den &#8222;Burscheider Strand&#8220; an der Schulsportanlage im Hagen &#8211; unsere Beachsportanlage, auf der Beachvolley und -basketball parallel gespielt werden k\u00f6nnen. &nbsp; Halle auf dem Schulberg \u00a0In...\" \/>\n<meta property=\"og:url\" content=\"https:\/\/www.burscheidertg.de\/?page_id=11\" \/>\n<meta property=\"og:site_name\" content=\"Burscheider Turngemeinde 1867 e.V.\" \/>\n<meta property=\"article:modified_time\" content=\"2018-07-26T16:51:48+00:00\" \/>\n<meta property=\"og:image\" content=\"https:\/\/www.burscheidertg.de\/wp-content\/uploads\/010_k.jpg\" \/>\n\t<meta property=\"og:image:width\" content=\"370\" \/>\n\t<meta property=\"og:image:height\" content=\"278\" \/>\n\t<meta property=\"og:image:type\" content=\"image\/jpeg\" \/>\n<meta name=\"twitter:card\" content=\"summary_large_image\" \/>\n<meta name=\"twitter:label1\" content=\"Gesch\u00e4tzte Lesezeit\" \/>\n\t<meta name=\"twitter:data1\" content=\"1\u00a0Minute\" \/>\n<script type=\"application\/ld+json\" class=\"yoast-schema-graph\">{\"@context\":\"https:\/\/schema.org\",\"@graph\":[{\"@type\":\"WebPage\",\"@id\":\"https:\/\/www.burscheidertg.de\/?page_id=11\",\"url\":\"https:\/\/www.burscheidertg.de\/?page_id=11\",\"name\":\"Sportst\u00e4tten - Burscheider Turngemeinde 1867 e.V.\",\"isPartOf\":{\"@id\":\"https:\/\/www.burscheidertg.de\/#website\"},\"primaryImageOfPage\":{\"@id\":\"https:\/\/www.burscheidertg.de\/?page_id=11#primaryimage\"},\"image\":{\"@id\":\"https:\/\/www.burscheidertg.de\/?page_id=11#primaryimage\"},\"thumbnailUrl\":\"http:\/\/www.burscheidertg.de\/wp-content\/uploads\/010_k.jpg\",\"datePublished\":\"2013-02-23T10:20:44+00:00\",\"dateModified\":\"2018-07-26T16:51:48+00:00\",\"breadcrumb\":{\"@id\":\"https:\/\/www.burscheidertg.de\/?page_id=11#breadcrumb\"},\"inLanguage\":\"de\",\"potentialAction\":[{\"@type\":\"ReadAction\",\"target\":[\"https:\/\/www.burscheidertg.de\/?page_id=11\"]}]},{\"@type\":\"ImageObject\",\"inLanguage\":\"de\",\"@id\":\"https:\/\/www.burscheidertg.de\/?page_id=11#primaryimage\",\"url\":\"http:\/\/www.burscheidertg.de\/wp-content\/uploads\/010_k.jpg\",\"contentUrl\":\"http:\/\/www.burscheidertg.de\/wp-content\/uploads\/010_k.jpg\"},{\"@type\":\"BreadcrumbList\",\"@id\":\"https:\/\/www.burscheidertg.de\/?page_id=11#breadcrumb\",\"itemListElement\":[{\"@type\":\"ListItem\",\"position\":1,\"name\":\"Home\",\"item\":\"https:\/\/www.burscheidertg.de\/\"},{\"@type\":\"ListItem\",\"position\":2,\"name\":\"Die BTG\",\"item\":\"https:\/\/www.burscheidertg.de\/?page_id=8\"},{\"@type\":\"ListItem\",\"position\":3,\"name\":\"Sportst\u00e4tten\"}]},{\"@type\":\"WebSite\",\"@id\":\"https:\/\/www.burscheidertg.de\/#website\",\"url\":\"https:\/\/www.burscheidertg.de\/\",\"name\":\"Burscheider Turngemeinde 1867 e.V.\",\"description\":\"Gemeinsam Sport erleben\",\"publisher\":{\"@id\":\"https:\/\/www.burscheidertg.de\/#organization\"},\"potentialAction\":[{\"@type\":\"SearchAction\",\"target\":{\"@type\":\"EntryPoint\",\"urlTemplate\":\"https:\/\/www.burscheidertg.de\/?s={search_term_string}\"},\"query-input\":{\"@type\":\"PropertyValueSpecification\",\"valueRequired\":true,\"valueName\":\"search_term_string\"}}],\"inLanguage\":\"de\"},{\"@type\":\"Organization\",\"@id\":\"https:\/\/www.burscheidertg.de\/#organization\",\"name\":\"Burscheider Turngemeinde 1867 e.V.\",\"url\":\"https:\/\/www.burscheidertg.de\/\",\"logo\":{\"@type\":\"ImageObject\",\"inLanguage\":\"de\",\"@id\":\"https:\/\/www.burscheidertg.de\/#\/schema\/logo\/image\/\",\"url\":\"https:\/\/www.burscheidertg.de\/wp-content\/uploads\/cropped-cropped-cropped-logo-btg.jpg\",\"contentUrl\":\"https:\/\/www.burscheidertg.de\/wp-content\/uploads\/cropped-cropped-cropped-logo-btg.jpg\",\"width\":290,\"height\":167,\"caption\":\"Burscheider Turngemeinde 1867 e.V.\"},\"image\":{\"@id\":\"https:\/\/www.burscheidertg.de\/#\/schema\/logo\/image\/\"}}]}<\/script>\n<!-- \/ Yoast SEO plugin. -->","yoast_head_json":{"title":"Sportst\u00e4tten - Burscheider Turngemeinde 1867 e.V.","robots":{"index":"index","follow":"follow","max-snippet":"max-snippet:-1","max-image-preview":"max-image-preview:large","max-video-preview":"max-video-preview:-1"},"canonical":"https:\/\/www.burscheidertg.de\/?page_id=11","og_locale":"de_DE","og_type":"article","og_title":"Sportst\u00e4tten - Burscheider Turngemeinde 1867 e.V.","og_description":"Hugo-Pulvermacher-Halle Die &#8222;Zentrale&#8220; der BTG &#8211; die vereinseigene Turnhalle an der Jahnstra\u00dfe in Burscheid; benannt nach dem Ehrenb\u00fcrger und ehemaligen Vorsitzenden Hugo Pulvermacher. &nbsp; Beachsportanlage Seit 2006 gibt es den &#8222;Burscheider Strand&#8220; an der Schulsportanlage im Hagen &#8211; unsere Beachsportanlage, auf der Beachvolley und -basketball parallel gespielt werden k\u00f6nnen. &nbsp; Halle auf dem Schulberg \u00a0In...","og_url":"https:\/\/www.burscheidertg.de\/?page_id=11","og_site_name":"Burscheider Turngemeinde 1867 e.V.","article_modified_time":"2018-07-26T16:51:48+00:00","og_image":[{"width":370,"height":278,"url":"https:\/\/www.burscheidertg.de\/wp-content\/uploads\/010_k.jpg","type":"image\/jpeg"}],"twitter_card":"summary_large_image","twitter_misc":{"Gesch\u00e4tzte Lesezeit":"1\u00a0Minute"},"schema":{"@context":"https:\/\/schema.org","@graph":[{"@type":"WebPage","@id":"https:\/\/www.burscheidertg.de\/?page_id=11","url":"https:\/\/www.burscheidertg.de\/?page_id=11","name":"Sportst\u00e4tten - Burscheider Turngemeinde 1867 e.V.","isPartOf":{"@id":"https:\/\/www.burscheidertg.de\/#website"},"primaryImageOfPage":{"@id":"https:\/\/www.burscheidertg.de\/?page_id=11#primaryimage"},"image":{"@id":"https:\/\/www.burscheidertg.de\/?page_id=11#primaryimage"},"thumbnailUrl":"http:\/\/www.burscheidertg.de\/wp-content\/uploads\/010_k.jpg","datePublished":"2013-02-23T10:20:44+00:00","dateModified":"2018-07-26T16:51:48+00:00","breadcrumb":{"@id":"https:\/\/www.burscheidertg.de\/?page_id=11#breadcrumb"},"inLanguage":"de","potentialAction":[{"@type":"ReadAction","target":["https:\/\/www.burscheidertg.de\/?page_id=11"]}]},{"@type":"ImageObject","inLanguage":"de","@id":"https:\/\/www.burscheidertg.de\/?page_id=11#primaryimage","url":"http:\/\/www.burscheidertg.de\/wp-content\/uploads\/010_k.jpg","contentUrl":"http:\/\/www.burscheidertg.de\/wp-content\/uploads\/010_k.jpg"},{"@type":"BreadcrumbList","@id":"https:\/\/www.burscheidertg.de\/?page_id=11#breadcrumb","itemListElement":[{"@type":"ListItem","position":1,"name":"Home","item":"https:\/\/www.burscheidertg.de\/"},{"@type":"ListItem","position":2,"name":"Die BTG","item":"https:\/\/www.burscheidertg.de\/?page_id=8"},{"@type":"ListItem","position":3,"name":"Sportst\u00e4tten"}]},{"@type":"WebSite","@id":"https:\/\/www.burscheidertg.de\/#website","url":"https:\/\/www.burscheidertg.de\/","name":"Burscheider Turngemeinde 1867 e.V.","description":"Gemeinsam Sport erleben","publisher":{"@id":"https:\/\/www.burscheidertg.de\/#organization"},"potentialAction":[{"@type":"SearchAction","target":{"@type":"EntryPoint","urlTemplate":"https:\/\/www.burscheidertg.de\/?s={search_term_string}"},"query-input":{"@type":"PropertyValueSpecification","valueRequired":true,"valueName":"search_term_string"}}],"inLanguage":"de"},{"@type":"Organization","@id":"https:\/\/www.burscheidertg.de\/#organization","name":"Burscheider Turngemeinde 1867 e.V.","url":"https:\/\/www.burscheidertg.de\/","logo":{"@type":"ImageObject","inLanguage":"de","@id":"https:\/\/www.burscheidertg.de\/#\/schema\/logo\/image\/","url":"https:\/\/www.burscheidertg.de\/wp-content\/uploads\/cropped-cropped-cropped-logo-btg.jpg","contentUrl":"https:\/\/www.burscheidertg.de\/wp-content\/uploads\/cropped-cropped-cropped-logo-btg.jpg","width":290,"height":167,"caption":"Burscheider Turngemeinde 1867 e.V."},"image":{"@id":"https:\/\/www.burscheidertg.de\/#\/schema\/logo\/image\/"}}]}},"_links":{"self":[{"href":"https:\/\/www.burscheidertg.de\/index.php?rest_route=\/wp\/v2\/pages\/11","targetHints":{"allow":["GET"]}}],"collection":[{"href":"https:\/\/www.burscheidertg.de\/index.php?rest_route=\/wp\/v2\/pages"}],"about":[{"href":"https:\/\/www.burscheidertg.de\/index.php?rest_route=\/wp\/v2\/types\/page"}],"author":[{"embeddable":true,"href":"https:\/\/www.burscheidertg.de\/index.php?rest_route=\/wp\/v2\/users\/1"}],"replies":[{"embeddable":true,"href":"https:\/\/www.burscheidertg.de\/index.php?rest_route=%2Fwp%2Fv2%2Fcomments&post=11"}],"version-history":[{"count":0,"href":"https:\/\/www.burscheidertg.de\/index.php?rest_route=\/wp\/v2\/pages\/11\/revisions"}],"up":[{"embeddable":true,"href":"https:\/\/www.burscheidertg.de\/index.php?rest_route=\/wp\/v2\/pages\/8"}],"wp:attachment":[{"href":"https:\/\/www.burscheidertg.de\/index.php?rest_route=%2Fwp%2Fv2%2Fmedia&parent=11"}],"curies":[{"name":"wp","href":"https:\/\/api.w.org\/{rel}","templated":true}]}}