{"id":105,"date":"2013-02-26T20:02:53","date_gmt":"2013-02-26T18:02:53","guid":{"rendered":"http:\/\/www.burscheidertg.de\/wordpress\/?page_id=105"},"modified":"2021-12-28T14:20:37","modified_gmt":"2021-12-28T13:20:37","slug":"sportkegeln","status":"publish","type":"page","link":"https:\/\/www.burscheidertg.de\/?page_id=105","title":{"rendered":"Sportkegeln"},"content":{"rendered":"<h2>Sportkegeln<\/h2>\n<p><img loading=\"lazy\" decoding=\"async\" class=\"alignleft size-medium wp-image-3136\" src=\"https:\/\/www.burscheidertg.de\/wp-content\/uploads\/AdobeStock_241119582_Kegeln-370x247.jpeg\" alt=\"\" width=\"370\" height=\"247\" srcset=\"https:\/\/www.burscheidertg.de\/wp-content\/uploads\/AdobeStock_241119582_Kegeln-370x247.jpeg 370w, https:\/\/www.burscheidertg.de\/wp-content\/uploads\/AdobeStock_241119582_Kegeln-740x494.jpeg 740w, https:\/\/www.burscheidertg.de\/wp-content\/uploads\/AdobeStock_241119582_Kegeln-768x513.jpeg 768w, https:\/\/www.burscheidertg.de\/wp-content\/uploads\/AdobeStock_241119582_Kegeln-1536x1026.jpeg 1536w, https:\/\/www.burscheidertg.de\/wp-content\/uploads\/AdobeStock_241119582_Kegeln-2048x1368.jpeg 2048w\" sizes=\"auto, (max-width: 370px) 100vw, 370px\" \/><\/p>\n<p>&nbsp;<\/p>\n<p>&nbsp;<\/p>\n<p>&nbsp;<\/p>\n<p>&nbsp;<\/p>\n<p>&nbsp;<\/p>\n<p>&nbsp;<\/p>\n<p>&nbsp;<\/p>\n<p>&nbsp;<\/p>\n<p>&nbsp;<\/p>\n<p>Trainingszeiten Sportkegeln, Halle auf dem Schulberg &#8211; Kegelbahn<\/p>\n<table style=\"width: 796px;\" border=\"0\" cellspacing=\"0\" cellpadding=\"0\">\n<colgroup>\n<col width=\"110\" \/>\n<col width=\"145\" \/>\n<col width=\"250\" \/>\n<col width=\"76\" \/>\n<col width=\"215\" \/> <\/colgroup>\n<tbody>\n<tr>\n<td width=\"110\" height=\"22\">Dienstag<\/td>\n<td width=\"145\">16.00 &#8211; 20.00 Uhr<\/td>\n<td width=\"250\">Sportkegeln<\/td>\n<td width=\"215\">D. Gallas<\/td>\n<\/tr>\n<tr>\n<td height=\"22\">Donnerstag<\/td>\n<td>16.00 &#8211; 20.00 Uhr<\/td>\n<td>Sportkegeln<\/td>\n<td>D. Gallas<\/td>\n<\/tr>\n<\/tbody>\n<\/table>\n<p>Die Sportkegel-Abteilung der Burscheider Turngemeinde trainiert in der Halle auf dem Schulberg in Burscheid. Dort stehen der Abteilung zwei Kegelbahnen zur Verf\u00fcgung. Ferner haben Kegelsport-Interessierte die M\u00f6glichkeit, richtiges Kegeln unter fachkundiger Anleitung zu erlernen. Die Abteilung Sportkegeln bietet Vorruhest\u00e4ndlern, Seniorinnen und Senioren sportliche Bet\u00e4tigung auch als Ausgleichs- und Breitensport an.<\/p>\n<p>Vereine k\u00f6nnen ebenfalls f\u00fcr ein geselliges Beisammensein die Kegelbahn mieten. Wichtig: Kegeln ist nur in Hallensportschuhen zul\u00e4ssig.<\/p>\n<p>&nbsp;<\/p>\n<address>Ansprechpartner<\/address>\n<address><strong>Terminvereinbarung Kegelbahn<\/strong><\/address>\n<address class=\"adressbox\">Detlef Gallas<br \/>\nTelefon 0174-9792648<\/address>\n<address>\u00a0<\/address>\n<p>&nbsp;<\/p>\n","protected":false},"excerpt":{"rendered":"<p>Sportkegeln &nbsp; &nbsp; &nbsp; &nbsp; &nbsp; &nbsp; &nbsp; &nbsp; &nbsp; Trainingszeiten Sportkegeln, Halle auf dem Schulberg &#8211; Kegelbahn Dienstag 16.00 &#8211; 20.00 Uhr Sportkegeln D. Gallas Donnerstag 16.00 &#8211; 20.00 Uhr Sportkegeln D. Gallas Die Sportkegel-Abteilung der Burscheider Turngemeinde trainiert in der Halle auf dem Schulberg in Burscheid. Dort stehen der Abteilung zwei Kegelbahnen zur&#8230;<\/p>\n","protected":false},"author":1,"featured_media":0,"parent":18,"menu_order":0,"comment_status":"closed","ping_status":"closed","template":"pagemitkatggorie.php","meta":{"_kad_post_transparent":"","_kad_post_title":"","_kad_post_layout":"","_kad_post_sidebar_id":"","_kad_post_content_style":"","_kad_post_vertical_padding":"","_kad_post_feature":"","_kad_post_feature_position":"","_kad_post_header":false,"_kad_post_footer":false,"_kad_post_classname":"","footnotes":""},"class_list":["post-105","page","type-page","status-publish","hentry"],"yoast_head":"<!-- This site is optimized with the Yoast SEO plugin v27.1.1 - https:\/\/yoast.com\/product\/yoast-seo-wordpress\/ -->\n<title>Sportkegeln - Burscheider Turngemeinde 1867 e.V.<\/title>\n<meta name=\"robots\" content=\"index, follow, max-snippet:-1, max-image-preview:large, max-video-preview:-1\" \/>\n<link rel=\"canonical\" href=\"https:\/\/www.burscheidertg.de\/?page_id=105\" \/>\n<meta property=\"og:locale\" content=\"de_DE\" \/>\n<meta property=\"og:type\" content=\"article\" \/>\n<meta property=\"og:title\" content=\"Sportkegeln - Burscheider Turngemeinde 1867 e.V.\" \/>\n<meta property=\"og:description\" content=\"Sportkegeln &nbsp; &nbsp; &nbsp; &nbsp; &nbsp; &nbsp; &nbsp; &nbsp; &nbsp; Trainingszeiten Sportkegeln, Halle auf dem Schulberg &#8211; Kegelbahn Dienstag 16.00 &#8211; 20.00 Uhr Sportkegeln D. Gallas Donnerstag 16.00 &#8211; 20.00 Uhr Sportkegeln D. Gallas Die Sportkegel-Abteilung der Burscheider Turngemeinde trainiert in der Halle auf dem Schulberg in Burscheid. Dort stehen der Abteilung zwei Kegelbahnen zur...\" \/>\n<meta property=\"og:url\" content=\"https:\/\/www.burscheidertg.de\/?page_id=105\" \/>\n<meta property=\"og:site_name\" content=\"Burscheider Turngemeinde 1867 e.V.\" \/>\n<meta property=\"article:modified_time\" content=\"2021-12-28T13:20:37+00:00\" \/>\n<meta property=\"og:image\" content=\"https:\/\/www.burscheidertg.de\/wp-content\/uploads\/AdobeStock_241119582_Kegeln-scaled.jpeg\" \/>\n\t<meta property=\"og:image:width\" content=\"2560\" \/>\n\t<meta property=\"og:image:height\" content=\"1710\" \/>\n\t<meta property=\"og:image:type\" content=\"image\/jpeg\" \/>\n<meta name=\"twitter:card\" content=\"summary_large_image\" \/>\n<meta name=\"twitter:label1\" content=\"Gesch\u00e4tzte Lesezeit\" \/>\n\t<meta name=\"twitter:data1\" content=\"1\u00a0Minute\" \/>\n<script type=\"application\/ld+json\" class=\"yoast-schema-graph\">{\"@context\":\"https:\/\/schema.org\",\"@graph\":[{\"@type\":\"WebPage\",\"@id\":\"https:\/\/www.burscheidertg.de\/?page_id=105\",\"url\":\"https:\/\/www.burscheidertg.de\/?page_id=105\",\"name\":\"Sportkegeln - Burscheider Turngemeinde 1867 e.V.\",\"isPartOf\":{\"@id\":\"https:\/\/www.burscheidertg.de\/#website\"},\"primaryImageOfPage\":{\"@id\":\"https:\/\/www.burscheidertg.de\/?page_id=105#primaryimage\"},\"image\":{\"@id\":\"https:\/\/www.burscheidertg.de\/?page_id=105#primaryimage\"},\"thumbnailUrl\":\"https:\/\/www.burscheidertg.de\/wp-content\/uploads\/AdobeStock_241119582_Kegeln-370x247.jpeg\",\"datePublished\":\"2013-02-26T18:02:53+00:00\",\"dateModified\":\"2021-12-28T13:20:37+00:00\",\"breadcrumb\":{\"@id\":\"https:\/\/www.burscheidertg.de\/?page_id=105#breadcrumb\"},\"inLanguage\":\"de\",\"potentialAction\":[{\"@type\":\"ReadAction\",\"target\":[\"https:\/\/www.burscheidertg.de\/?page_id=105\"]}]},{\"@type\":\"ImageObject\",\"inLanguage\":\"de\",\"@id\":\"https:\/\/www.burscheidertg.de\/?page_id=105#primaryimage\",\"url\":\"https:\/\/www.burscheidertg.de\/wp-content\/uploads\/AdobeStock_241119582_Kegeln-scaled.jpeg\",\"contentUrl\":\"https:\/\/www.burscheidertg.de\/wp-content\/uploads\/AdobeStock_241119582_Kegeln-scaled.jpeg\",\"width\":2560,\"height\":1710},{\"@type\":\"BreadcrumbList\",\"@id\":\"https:\/\/www.burscheidertg.de\/?page_id=105#breadcrumb\",\"itemListElement\":[{\"@type\":\"ListItem\",\"position\":1,\"name\":\"Home\",\"item\":\"https:\/\/www.burscheidertg.de\/\"},{\"@type\":\"ListItem\",\"position\":2,\"name\":\"BTG Sportangebot\",\"item\":\"https:\/\/www.burscheidertg.de\/?page_id=18\"},{\"@type\":\"ListItem\",\"position\":3,\"name\":\"Sportkegeln\"}]},{\"@type\":\"WebSite\",\"@id\":\"https:\/\/www.burscheidertg.de\/#website\",\"url\":\"https:\/\/www.burscheidertg.de\/\",\"name\":\"Burscheider Turngemeinde 1867 e.V.\",\"description\":\"Gemeinsam Sport erleben\",\"publisher\":{\"@id\":\"https:\/\/www.burscheidertg.de\/#organization\"},\"potentialAction\":[{\"@type\":\"SearchAction\",\"target\":{\"@type\":\"EntryPoint\",\"urlTemplate\":\"https:\/\/www.burscheidertg.de\/?s={search_term_string}\"},\"query-input\":{\"@type\":\"PropertyValueSpecification\",\"valueRequired\":true,\"valueName\":\"search_term_string\"}}],\"inLanguage\":\"de\"},{\"@type\":\"Organization\",\"@id\":\"https:\/\/www.burscheidertg.de\/#organization\",\"name\":\"Burscheider Turngemeinde 1867 e.V.\",\"url\":\"https:\/\/www.burscheidertg.de\/\",\"logo\":{\"@type\":\"ImageObject\",\"inLanguage\":\"de\",\"@id\":\"https:\/\/www.burscheidertg.de\/#\/schema\/logo\/image\/\",\"url\":\"https:\/\/www.burscheidertg.de\/wp-content\/uploads\/cropped-cropped-cropped-logo-btg.jpg\",\"contentUrl\":\"https:\/\/www.burscheidertg.de\/wp-content\/uploads\/cropped-cropped-cropped-logo-btg.jpg\",\"width\":290,\"height\":167,\"caption\":\"Burscheider Turngemeinde 1867 e.V.\"},\"image\":{\"@id\":\"https:\/\/www.burscheidertg.de\/#\/schema\/logo\/image\/\"}}]}<\/script>\n<!-- \/ Yoast SEO plugin. -->","yoast_head_json":{"title":"Sportkegeln - Burscheider Turngemeinde 1867 e.V.","robots":{"index":"index","follow":"follow","max-snippet":"max-snippet:-1","max-image-preview":"max-image-preview:large","max-video-preview":"max-video-preview:-1"},"canonical":"https:\/\/www.burscheidertg.de\/?page_id=105","og_locale":"de_DE","og_type":"article","og_title":"Sportkegeln - Burscheider Turngemeinde 1867 e.V.","og_description":"Sportkegeln &nbsp; &nbsp; &nbsp; &nbsp; &nbsp; &nbsp; &nbsp; &nbsp; &nbsp; Trainingszeiten Sportkegeln, Halle auf dem Schulberg &#8211; Kegelbahn Dienstag 16.00 &#8211; 20.00 Uhr Sportkegeln D. Gallas Donnerstag 16.00 &#8211; 20.00 Uhr Sportkegeln D. Gallas Die Sportkegel-Abteilung der Burscheider Turngemeinde trainiert in der Halle auf dem Schulberg in Burscheid. Dort stehen der Abteilung zwei Kegelbahnen zur...","og_url":"https:\/\/www.burscheidertg.de\/?page_id=105","og_site_name":"Burscheider Turngemeinde 1867 e.V.","article_modified_time":"2021-12-28T13:20:37+00:00","og_image":[{"width":2560,"height":1710,"url":"https:\/\/www.burscheidertg.de\/wp-content\/uploads\/AdobeStock_241119582_Kegeln-scaled.jpeg","type":"image\/jpeg"}],"twitter_card":"summary_large_image","twitter_misc":{"Gesch\u00e4tzte Lesezeit":"1\u00a0Minute"},"schema":{"@context":"https:\/\/schema.org","@graph":[{"@type":"WebPage","@id":"https:\/\/www.burscheidertg.de\/?page_id=105","url":"https:\/\/www.burscheidertg.de\/?page_id=105","name":"Sportkegeln - Burscheider Turngemeinde 1867 e.V.","isPartOf":{"@id":"https:\/\/www.burscheidertg.de\/#website"},"primaryImageOfPage":{"@id":"https:\/\/www.burscheidertg.de\/?page_id=105#primaryimage"},"image":{"@id":"https:\/\/www.burscheidertg.de\/?page_id=105#primaryimage"},"thumbnailUrl":"https:\/\/www.burscheidertg.de\/wp-content\/uploads\/AdobeStock_241119582_Kegeln-370x247.jpeg","datePublished":"2013-02-26T18:02:53+00:00","dateModified":"2021-12-28T13:20:37+00:00","breadcrumb":{"@id":"https:\/\/www.burscheidertg.de\/?page_id=105#breadcrumb"},"inLanguage":"de","potentialAction":[{"@type":"ReadAction","target":["https:\/\/www.burscheidertg.de\/?page_id=105"]}]},{"@type":"ImageObject","inLanguage":"de","@id":"https:\/\/www.burscheidertg.de\/?page_id=105#primaryimage","url":"https:\/\/www.burscheidertg.de\/wp-content\/uploads\/AdobeStock_241119582_Kegeln-scaled.jpeg","contentUrl":"https:\/\/www.burscheidertg.de\/wp-content\/uploads\/AdobeStock_241119582_Kegeln-scaled.jpeg","width":2560,"height":1710},{"@type":"BreadcrumbList","@id":"https:\/\/www.burscheidertg.de\/?page_id=105#breadcrumb","itemListElement":[{"@type":"ListItem","position":1,"name":"Home","item":"https:\/\/www.burscheidertg.de\/"},{"@type":"ListItem","position":2,"name":"BTG Sportangebot","item":"https:\/\/www.burscheidertg.de\/?page_id=18"},{"@type":"ListItem","position":3,"name":"Sportkegeln"}]},{"@type":"WebSite","@id":"https:\/\/www.burscheidertg.de\/#website","url":"https:\/\/www.burscheidertg.de\/","name":"Burscheider Turngemeinde 1867 e.V.","description":"Gemeinsam Sport erleben","publisher":{"@id":"https:\/\/www.burscheidertg.de\/#organization"},"potentialAction":[{"@type":"SearchAction","target":{"@type":"EntryPoint","urlTemplate":"https:\/\/www.burscheidertg.de\/?s={search_term_string}"},"query-input":{"@type":"PropertyValueSpecification","valueRequired":true,"valueName":"search_term_string"}}],"inLanguage":"de"},{"@type":"Organization","@id":"https:\/\/www.burscheidertg.de\/#organization","name":"Burscheider Turngemeinde 1867 e.V.","url":"https:\/\/www.burscheidertg.de\/","logo":{"@type":"ImageObject","inLanguage":"de","@id":"https:\/\/www.burscheidertg.de\/#\/schema\/logo\/image\/","url":"https:\/\/www.burscheidertg.de\/wp-content\/uploads\/cropped-cropped-cropped-logo-btg.jpg","contentUrl":"https:\/\/www.burscheidertg.de\/wp-content\/uploads\/cropped-cropped-cropped-logo-btg.jpg","width":290,"height":167,"caption":"Burscheider Turngemeinde 1867 e.V."},"image":{"@id":"https:\/\/www.burscheidertg.de\/#\/schema\/logo\/image\/"}}]}},"_links":{"self":[{"href":"https:\/\/www.burscheidertg.de\/index.php?rest_route=\/wp\/v2\/pages\/105","targetHints":{"allow":["GET"]}}],"collection":[{"href":"https:\/\/www.burscheidertg.de\/index.php?rest_route=\/wp\/v2\/pages"}],"about":[{"href":"https:\/\/www.burscheidertg.de\/index.php?rest_route=\/wp\/v2\/types\/page"}],"author":[{"embeddable":true,"href":"https:\/\/www.burscheidertg.de\/index.php?rest_route=\/wp\/v2\/users\/1"}],"replies":[{"embeddable":true,"href":"https:\/\/www.burscheidertg.de\/index.php?rest_route=%2Fwp%2Fv2%2Fcomments&post=105"}],"version-history":[{"count":0,"href":"https:\/\/www.burscheidertg.de\/index.php?rest_route=\/wp\/v2\/pages\/105\/revisions"}],"up":[{"embeddable":true,"href":"https:\/\/www.burscheidertg.de\/index.php?rest_route=\/wp\/v2\/pages\/18"}],"wp:attachment":[{"href":"https:\/\/www.burscheidertg.de\/index.php?rest_route=%2Fwp%2Fv2%2Fmedia&parent=105"}],"curies":[{"name":"wp","href":"https:\/\/api.w.org\/{rel}","templated":true}]}}