{"id":100,"date":"2013-02-26T20:00:09","date_gmt":"2013-02-26T18:00:09","guid":{"rendered":"http:\/\/www.burscheidertg.de\/wordpress\/?page_id=100"},"modified":"2026-03-26T13:31:09","modified_gmt":"2026-03-26T12:31:09","slug":"sportabzeichen-leichtathletik","status":"publish","type":"page","link":"https:\/\/www.burscheidertg.de\/?page_id=100","title":{"rendered":"Sportabzeichen \/ Leichtathletik"},"content":{"rendered":"<h2>Sportabzeichen \u2013 Training<\/h2>\n<p>Alle Burscheider B\u00fcrger, die das Deutsche Sportabzeichen ablegen m\u00f6chten, haben in den Monaten von Mai bis September immer montags ab 18.00 Uhr die M\u00f6glichkeit, daf\u00fcr auf dem Sportplatz Griesberg in Burscheid zu trainieren. Die Abnahme erfolgt vor Ort durch pr\u00fcfungsberechtigte Personen f\u00fcr das Sportabzeichen. Wer also Lust hat, sich in den klassischen Disziplinen zu \u00fcben und damit seinen K\u00f6rper in Form zu bringen, der ist hier genau richtig. Eine Anmeldung ist nicht erforderlich!<br \/>\nF\u00fcr Fragen an das Pr\u00fcfer-Team schreibt bitte eine Mail an: <strong>sportabzeichen@burscheidertg.de<\/strong><\/p>\n<p>Das Sportabzeichen wird im Rahmen einer Feierstunde im Fr\u00fchjahr des Folgejahres verliehen.<\/p>\n<p>Die Ausstellung von Urkunden f\u00fcr Bewerbungen bei Polizei, Zoll etc. wird kurzfristig \u00fcber den Kreissportbund Rhein Berg vorgenommen.<br \/>\n<strong>F\u00fcr die schnelle Bearbeitung ist hier die vorherige Registrierung unter www.sportabzeichen-digital.de erforderlich.<\/strong><\/p>\n<p>Alle allgemeinen Infos findet ihr hier: <a href=\"http:\/\/www.deutsches-sportabzeichen.de\/de\/das-sportabzeichen\/\" target=\"_blank\" rel=\"noopener noreferrer\">www.deutsches-sportabzeichen.de<\/a><\/p>\n<h2>Leichtathletik f\u00fcr Kinder bei der BTG<\/h2>\n<p><img loading=\"lazy\" decoding=\"async\" class=\"size-medium wp-image-3133\" src=\"https:\/\/www.burscheidertg.de\/wp-content\/uploads\/AdobeStock_118005675_Leichtathletik-370x247.jpeg\" alt=\"\" width=\"370\" height=\"247\" srcset=\"https:\/\/www.burscheidertg.de\/wp-content\/uploads\/AdobeStock_118005675_Leichtathletik-370x247.jpeg 370w, https:\/\/www.burscheidertg.de\/wp-content\/uploads\/AdobeStock_118005675_Leichtathletik-740x493.jpeg 740w, https:\/\/www.burscheidertg.de\/wp-content\/uploads\/AdobeStock_118005675_Leichtathletik-768x512.jpeg 768w, https:\/\/www.burscheidertg.de\/wp-content\/uploads\/AdobeStock_118005675_Leichtathletik-1536x1024.jpeg 1536w, https:\/\/www.burscheidertg.de\/wp-content\/uploads\/AdobeStock_118005675_Leichtathletik-2048x1365.jpeg 2048w\" sizes=\"auto, (max-width: 370px) 100vw, 370px\" \/><\/p>\n<p>Die Burscheider Turngemeinde bietet unter der Leitung von Fabian Butz ein Leichtathletik-Training f\u00fcr Kinder an. Alle Kinder ab 6 Jahren, die Freude am Laufen, Springen und Werfen haben sind herzlich eingeladen. Das Training findet auf dem Sportplatz Griesberg zu folgenden Zeiten statt:<\/p>\n<p>donnerstags von 17.00 \u2013 18.30 Uhr f\u00fcr Kinder ab 6 Jahren<\/p>\n<p>In der Herbst- und Winterzeit findet jeweils an den gleichen Tagen ein Hallentraining statt.<\/p>\n<p>donnerstags von 17.45 &#8211; 19.15 Uhr Hans-Hoersch-Halle an der Montanusschule, H\u00f6hestra\u00dfe<\/p>\n<p>Weitere Infos zu diesem Angebot gibt es in der BTG-Gesch\u00e4ftsstelle.<\/p>\n","protected":false},"excerpt":{"rendered":"<p>Sportabzeichen \u2013 Training Alle Burscheider B\u00fcrger, die das Deutsche Sportabzeichen ablegen m\u00f6chten, haben in den Monaten von Mai bis September immer montags ab 18.00 Uhr die M\u00f6glichkeit, daf\u00fcr auf dem Sportplatz Griesberg in Burscheid zu trainieren. Die Abnahme erfolgt vor Ort durch pr\u00fcfungsberechtigte Personen f\u00fcr das Sportabzeichen. Wer also Lust hat, sich in den klassischen&#8230;<\/p>\n","protected":false},"author":1,"featured_media":0,"parent":18,"menu_order":0,"comment_status":"closed","ping_status":"closed","template":"","meta":{"_kad_post_transparent":"default","_kad_post_title":"default","_kad_post_layout":"default","_kad_post_sidebar_id":"","_kad_post_content_style":"default","_kad_post_vertical_padding":"default","_kad_post_feature":"","_kad_post_feature_position":"","_kad_post_header":false,"_kad_post_footer":false,"_kad_post_classname":"","footnotes":""},"class_list":["post-100","page","type-page","status-publish","hentry"],"yoast_head":"<!-- This site is optimized with the Yoast SEO plugin v27.5 - https:\/\/yoast.com\/product\/yoast-seo-wordpress\/ -->\n<title>Sportabzeichen \/ Leichtathletik - Burscheider Turngemeinde 1867 e.V.<\/title>\n<meta name=\"robots\" content=\"index, follow, max-snippet:-1, max-image-preview:large, max-video-preview:-1\" \/>\n<link rel=\"canonical\" href=\"https:\/\/www.burscheidertg.de\/?page_id=100\" \/>\n<meta property=\"og:locale\" content=\"de_DE\" \/>\n<meta property=\"og:type\" content=\"article\" \/>\n<meta property=\"og:title\" content=\"Sportabzeichen \/ Leichtathletik - Burscheider Turngemeinde 1867 e.V.\" \/>\n<meta property=\"og:description\" content=\"Sportabzeichen \u2013 Training Alle Burscheider B\u00fcrger, die das Deutsche Sportabzeichen ablegen m\u00f6chten, haben in den Monaten von Mai bis September immer montags ab 18.00 Uhr die M\u00f6glichkeit, daf\u00fcr auf dem Sportplatz Griesberg in Burscheid zu trainieren. Die Abnahme erfolgt vor Ort durch pr\u00fcfungsberechtigte Personen f\u00fcr das Sportabzeichen. Wer also Lust hat, sich in den klassischen...\" \/>\n<meta property=\"og:url\" content=\"https:\/\/www.burscheidertg.de\/?page_id=100\" \/>\n<meta property=\"og:site_name\" content=\"Burscheider Turngemeinde 1867 e.V.\" \/>\n<meta property=\"article:modified_time\" content=\"2026-03-26T12:31:09+00:00\" \/>\n<meta property=\"og:image\" content=\"https:\/\/www.burscheidertg.de\/wp-content\/uploads\/AdobeStock_118005675_Leichtathletik-scaled.jpeg\" \/>\n\t<meta property=\"og:image:width\" content=\"2560\" \/>\n\t<meta property=\"og:image:height\" content=\"1707\" \/>\n\t<meta property=\"og:image:type\" content=\"image\/jpeg\" \/>\n<meta name=\"twitter:card\" content=\"summary_large_image\" \/>\n<meta name=\"twitter:label1\" content=\"Gesch\u00e4tzte Lesezeit\" \/>\n\t<meta name=\"twitter:data1\" content=\"2\u00a0Minuten\" \/>\n<script type=\"application\/ld+json\" class=\"yoast-schema-graph\">{\"@context\":\"https:\\\/\\\/schema.org\",\"@graph\":[{\"@type\":\"WebPage\",\"@id\":\"https:\\\/\\\/www.burscheidertg.de\\\/?page_id=100\",\"url\":\"https:\\\/\\\/www.burscheidertg.de\\\/?page_id=100\",\"name\":\"Sportabzeichen \\\/ Leichtathletik - Burscheider Turngemeinde 1867 e.V.\",\"isPartOf\":{\"@id\":\"https:\\\/\\\/www.burscheidertg.de\\\/#website\"},\"primaryImageOfPage\":{\"@id\":\"https:\\\/\\\/www.burscheidertg.de\\\/?page_id=100#primaryimage\"},\"image\":{\"@id\":\"https:\\\/\\\/www.burscheidertg.de\\\/?page_id=100#primaryimage\"},\"thumbnailUrl\":\"https:\\\/\\\/www.burscheidertg.de\\\/wp-content\\\/uploads\\\/AdobeStock_118005675_Leichtathletik-370x247.jpeg\",\"datePublished\":\"2013-02-26T18:00:09+00:00\",\"dateModified\":\"2026-03-26T12:31:09+00:00\",\"breadcrumb\":{\"@id\":\"https:\\\/\\\/www.burscheidertg.de\\\/?page_id=100#breadcrumb\"},\"inLanguage\":\"de\",\"potentialAction\":[{\"@type\":\"ReadAction\",\"target\":[\"https:\\\/\\\/www.burscheidertg.de\\\/?page_id=100\"]}]},{\"@type\":\"ImageObject\",\"inLanguage\":\"de\",\"@id\":\"https:\\\/\\\/www.burscheidertg.de\\\/?page_id=100#primaryimage\",\"url\":\"https:\\\/\\\/www.burscheidertg.de\\\/wp-content\\\/uploads\\\/AdobeStock_118005675_Leichtathletik-scaled.jpeg\",\"contentUrl\":\"https:\\\/\\\/www.burscheidertg.de\\\/wp-content\\\/uploads\\\/AdobeStock_118005675_Leichtathletik-scaled.jpeg\",\"width\":2560,\"height\":1707,\"caption\":\"Side view of five teenage sprinters in sportswear lined up ready to race at the stadium\"},{\"@type\":\"BreadcrumbList\",\"@id\":\"https:\\\/\\\/www.burscheidertg.de\\\/?page_id=100#breadcrumb\",\"itemListElement\":[{\"@type\":\"ListItem\",\"position\":1,\"name\":\"Home\",\"item\":\"https:\\\/\\\/www.burscheidertg.de\\\/\"},{\"@type\":\"ListItem\",\"position\":2,\"name\":\"BTG Sportangebot\",\"item\":\"https:\\\/\\\/www.burscheidertg.de\\\/?page_id=18\"},{\"@type\":\"ListItem\",\"position\":3,\"name\":\"Sportabzeichen \\\/ Leichtathletik\"}]},{\"@type\":\"WebSite\",\"@id\":\"https:\\\/\\\/www.burscheidertg.de\\\/#website\",\"url\":\"https:\\\/\\\/www.burscheidertg.de\\\/\",\"name\":\"Burscheider Turngemeinde 1867 e.V.\",\"description\":\"Gemeinsam Sport erleben\",\"publisher\":{\"@id\":\"https:\\\/\\\/www.burscheidertg.de\\\/#organization\"},\"potentialAction\":[{\"@type\":\"SearchAction\",\"target\":{\"@type\":\"EntryPoint\",\"urlTemplate\":\"https:\\\/\\\/www.burscheidertg.de\\\/?s={search_term_string}\"},\"query-input\":{\"@type\":\"PropertyValueSpecification\",\"valueRequired\":true,\"valueName\":\"search_term_string\"}}],\"inLanguage\":\"de\"},{\"@type\":\"Organization\",\"@id\":\"https:\\\/\\\/www.burscheidertg.de\\\/#organization\",\"name\":\"Burscheider Turngemeinde 1867 e.V.\",\"url\":\"https:\\\/\\\/www.burscheidertg.de\\\/\",\"logo\":{\"@type\":\"ImageObject\",\"inLanguage\":\"de\",\"@id\":\"https:\\\/\\\/www.burscheidertg.de\\\/#\\\/schema\\\/logo\\\/image\\\/\",\"url\":\"https:\\\/\\\/www.burscheidertg.de\\\/wp-content\\\/uploads\\\/cropped-cropped-cropped-logo-btg.jpg\",\"contentUrl\":\"https:\\\/\\\/www.burscheidertg.de\\\/wp-content\\\/uploads\\\/cropped-cropped-cropped-logo-btg.jpg\",\"width\":290,\"height\":167,\"caption\":\"Burscheider Turngemeinde 1867 e.V.\"},\"image\":{\"@id\":\"https:\\\/\\\/www.burscheidertg.de\\\/#\\\/schema\\\/logo\\\/image\\\/\"}}]}<\/script>\n<!-- \/ Yoast SEO plugin. -->","yoast_head_json":{"title":"Sportabzeichen \/ Leichtathletik - Burscheider Turngemeinde 1867 e.V.","robots":{"index":"index","follow":"follow","max-snippet":"max-snippet:-1","max-image-preview":"max-image-preview:large","max-video-preview":"max-video-preview:-1"},"canonical":"https:\/\/www.burscheidertg.de\/?page_id=100","og_locale":"de_DE","og_type":"article","og_title":"Sportabzeichen \/ Leichtathletik - Burscheider Turngemeinde 1867 e.V.","og_description":"Sportabzeichen \u2013 Training Alle Burscheider B\u00fcrger, die das Deutsche Sportabzeichen ablegen m\u00f6chten, haben in den Monaten von Mai bis September immer montags ab 18.00 Uhr die M\u00f6glichkeit, daf\u00fcr auf dem Sportplatz Griesberg in Burscheid zu trainieren. Die Abnahme erfolgt vor Ort durch pr\u00fcfungsberechtigte Personen f\u00fcr das Sportabzeichen. Wer also Lust hat, sich in den klassischen...","og_url":"https:\/\/www.burscheidertg.de\/?page_id=100","og_site_name":"Burscheider Turngemeinde 1867 e.V.","article_modified_time":"2026-03-26T12:31:09+00:00","og_image":[{"width":2560,"height":1707,"url":"https:\/\/www.burscheidertg.de\/wp-content\/uploads\/AdobeStock_118005675_Leichtathletik-scaled.jpeg","type":"image\/jpeg"}],"twitter_card":"summary_large_image","twitter_misc":{"Gesch\u00e4tzte Lesezeit":"2\u00a0Minuten"},"schema":{"@context":"https:\/\/schema.org","@graph":[{"@type":"WebPage","@id":"https:\/\/www.burscheidertg.de\/?page_id=100","url":"https:\/\/www.burscheidertg.de\/?page_id=100","name":"Sportabzeichen \/ Leichtathletik - Burscheider Turngemeinde 1867 e.V.","isPartOf":{"@id":"https:\/\/www.burscheidertg.de\/#website"},"primaryImageOfPage":{"@id":"https:\/\/www.burscheidertg.de\/?page_id=100#primaryimage"},"image":{"@id":"https:\/\/www.burscheidertg.de\/?page_id=100#primaryimage"},"thumbnailUrl":"https:\/\/www.burscheidertg.de\/wp-content\/uploads\/AdobeStock_118005675_Leichtathletik-370x247.jpeg","datePublished":"2013-02-26T18:00:09+00:00","dateModified":"2026-03-26T12:31:09+00:00","breadcrumb":{"@id":"https:\/\/www.burscheidertg.de\/?page_id=100#breadcrumb"},"inLanguage":"de","potentialAction":[{"@type":"ReadAction","target":["https:\/\/www.burscheidertg.de\/?page_id=100"]}]},{"@type":"ImageObject","inLanguage":"de","@id":"https:\/\/www.burscheidertg.de\/?page_id=100#primaryimage","url":"https:\/\/www.burscheidertg.de\/wp-content\/uploads\/AdobeStock_118005675_Leichtathletik-scaled.jpeg","contentUrl":"https:\/\/www.burscheidertg.de\/wp-content\/uploads\/AdobeStock_118005675_Leichtathletik-scaled.jpeg","width":2560,"height":1707,"caption":"Side view of five teenage sprinters in sportswear lined up ready to race at the stadium"},{"@type":"BreadcrumbList","@id":"https:\/\/www.burscheidertg.de\/?page_id=100#breadcrumb","itemListElement":[{"@type":"ListItem","position":1,"name":"Home","item":"https:\/\/www.burscheidertg.de\/"},{"@type":"ListItem","position":2,"name":"BTG Sportangebot","item":"https:\/\/www.burscheidertg.de\/?page_id=18"},{"@type":"ListItem","position":3,"name":"Sportabzeichen \/ Leichtathletik"}]},{"@type":"WebSite","@id":"https:\/\/www.burscheidertg.de\/#website","url":"https:\/\/www.burscheidertg.de\/","name":"Burscheider Turngemeinde 1867 e.V.","description":"Gemeinsam Sport erleben","publisher":{"@id":"https:\/\/www.burscheidertg.de\/#organization"},"potentialAction":[{"@type":"SearchAction","target":{"@type":"EntryPoint","urlTemplate":"https:\/\/www.burscheidertg.de\/?s={search_term_string}"},"query-input":{"@type":"PropertyValueSpecification","valueRequired":true,"valueName":"search_term_string"}}],"inLanguage":"de"},{"@type":"Organization","@id":"https:\/\/www.burscheidertg.de\/#organization","name":"Burscheider Turngemeinde 1867 e.V.","url":"https:\/\/www.burscheidertg.de\/","logo":{"@type":"ImageObject","inLanguage":"de","@id":"https:\/\/www.burscheidertg.de\/#\/schema\/logo\/image\/","url":"https:\/\/www.burscheidertg.de\/wp-content\/uploads\/cropped-cropped-cropped-logo-btg.jpg","contentUrl":"https:\/\/www.burscheidertg.de\/wp-content\/uploads\/cropped-cropped-cropped-logo-btg.jpg","width":290,"height":167,"caption":"Burscheider Turngemeinde 1867 e.V."},"image":{"@id":"https:\/\/www.burscheidertg.de\/#\/schema\/logo\/image\/"}}]}},"_links":{"self":[{"href":"https:\/\/www.burscheidertg.de\/index.php?rest_route=\/wp\/v2\/pages\/100","targetHints":{"allow":["GET"]}}],"collection":[{"href":"https:\/\/www.burscheidertg.de\/index.php?rest_route=\/wp\/v2\/pages"}],"about":[{"href":"https:\/\/www.burscheidertg.de\/index.php?rest_route=\/wp\/v2\/types\/page"}],"author":[{"embeddable":true,"href":"https:\/\/www.burscheidertg.de\/index.php?rest_route=\/wp\/v2\/users\/1"}],"replies":[{"embeddable":true,"href":"https:\/\/www.burscheidertg.de\/index.php?rest_route=%2Fwp%2Fv2%2Fcomments&post=100"}],"version-history":[{"count":4,"href":"https:\/\/www.burscheidertg.de\/index.php?rest_route=\/wp\/v2\/pages\/100\/revisions"}],"predecessor-version":[{"id":9561,"href":"https:\/\/www.burscheidertg.de\/index.php?rest_route=\/wp\/v2\/pages\/100\/revisions\/9561"}],"up":[{"embeddable":true,"href":"https:\/\/www.burscheidertg.de\/index.php?rest_route=\/wp\/v2\/pages\/18"}],"wp:attachment":[{"href":"https:\/\/www.burscheidertg.de\/index.php?rest_route=%2Fwp%2Fv2%2Fmedia&parent=100"}],"curies":[{"name":"wp","href":"https:\/\/api.w.org\/{rel}","templated":true}]}}